{"id":83,"date":"2018-12-15T22:25:47","date_gmt":"2018-12-15T21:25:47","guid":{"rendered":"https:\/\/www.pfotenraum.de\/?page_id=83"},"modified":"2020-01-12T13:35:04","modified_gmt":"2020-01-12T12:35:04","slug":"termine","status":"publish","type":"page","link":"https:\/\/www.pfotenraum.de\/?page_id=83","title":{"rendered":"Termine"},"content":{"rendered":"\n<p>Termine k\u00f6nnen Sie bei uns direkt telefonisch vereinbaren. Alternativ haben Sie auch die M\u00f6glichkeit uns online eine Terminanfrage zu senden.<\/p>\n\n\n<style>#kt-layout-id_684f95-f1 > .kt-row-column-wrap{align-content:start;}:where(#kt-layout-id_684f95-f1 > .kt-row-column-wrap) > .wp-block-kadence-column{justify-content:start;}#kt-layout-id_684f95-f1 > .kt-row-column-wrap{column-gap:var(--global-kb-gap-md, 2rem);row-gap:var(--global-kb-gap-md, 2rem);padding-top:var( --global-kb-row-default-top, 25px );padding-bottom:var( --global-kb-row-default-bottom, 25px );padding-top:var(--global-kb-spacing-sm, 1.5rem);padding-bottom:var(--global-kb-spacing-sm, 1.5rem);grid-template-columns:minmax(0, 2fr) minmax(0, 1fr);}#kt-layout-id_684f95-f1 > .kt-row-layout-overlay{opacity:0.30;}@media all and (max-width: 1024px){#kt-layout-id_684f95-f1 > .kt-row-column-wrap{grid-template-columns:minmax(0, 2fr) minmax(0, 1fr);}}@media all and (max-width: 767px){#kt-layout-id_684f95-f1 > .kt-row-column-wrap{grid-template-columns:minmax(0, 1fr);}}<\/style>\n<div class=\"wp-block-kadence-rowlayout alignnone\"><div id=\"kt-layout-id_684f95-f1\" class=\"kt-row-layout-inner  kt-layout-id_684f95-f1\"><div class=\"kt-row-column-wrap kt-has-2-columns kt-gutter-default kt-v-gutter-default kt-row-valign-top kt-row-layout-left-golden kt-tab-layout-inherit kt-m-colapse-left-to-right kt-mobile-layout-row\"><style>.kadence-column_b3334e-1b > .kt-inside-inner-col{border-top-width:0px;border-right-width:0px;border-bottom-width:0px;border-left-width:0px;}.kadence-column_b3334e-1b > .kt-inside-inner-col,.kadence-column_b3334e-1b > .kt-inside-inner-col:before{border-top-left-radius:0px;border-top-right-radius:0px;border-bottom-right-radius:0px;border-bottom-left-radius:0px;}.kadence-column_b3334e-1b > .kt-inside-inner-col{column-gap:var(--global-kb-gap-sm, 1rem);}.kadence-column_b3334e-1b > .kt-inside-inner-col{flex-direction:column;}.kadence-column_b3334e-1b > .kt-inside-inner-col > .aligncenter{width:100%;}.kadence-column_b3334e-1b > .kt-inside-inner-col:before{opacity:0.3;}.kadence-column_b3334e-1b{position:relative;}@media all and (max-width: 1024px){.kadence-column_b3334e-1b > .kt-inside-inner-col{flex-direction:column;justify-content:center;}}@media all and (max-width: 767px){.kadence-column_b3334e-1b > .kt-inside-inner-col{flex-direction:column;justify-content:center;}}<\/style>\n<div class=\"wp-block-kadence-column inner-column-1 kadence-column_b3334e-1b\"><div class=\"kt-inside-inner-col\"><style>.kt-tabs-id_ee79d0-cc > .kt-tabs-content-wrap > .wp-block-kadence-tab{border-top-width:3px;border-right-width:0px;border-bottom-width:0px;border-left-width:0px;border-color:#73aa4b;border-top-left-radius:0px;border-top-right-radius:0px;border-bottom-right-radius:0px;border-bottom-left-radius:0px;padding-top:var(--global-kb-spacing-sm, 1.5rem);padding-right:var(--global-kb-spacing-sm, 1.5rem);padding-bottom:var(--global-kb-spacing-sm, 1.5rem);padding-left:var(--global-kb-spacing-sm, 1.5rem);background:#ffffff;}.wp-block-kadence-tabs .kt-tabs-id_ee79d0-cc > .kt-tabs-title-list li{margin-top:0px;margin-right:8px;margin-bottom:0px;margin-left:0px;}.wp-block-kadence-tabs .kt-tabs-id_ee79d0-cc > .kt-tabs-title-list li:last-child{margin-right:0px;}.wp-block-kadence-tabs .kt-tabs-id_ee79d0-cc > .kt-tabs-title-list li .kt-tab-title, .wp-block-kadence-tabs .kt-tabs-id_ee79d0-cc > .kt-tabs-content-wrap > .kt-tabs-accordion-title .kt-tab-title{line-height:1.4em;font-weight:regular;font-style:normal;border-top-width:0px;border-right-width:0px;border-bottom-width:0px;border-left-width:0px;border-top-left-radius:4px;border-top-right-radius:4px;border-bottom-right-radius:0px;border-bottom-left-radius:0px;padding-top:8px;padding-right:20px;padding-bottom:8px;padding-left:20px;border-color:#eeeeee;color:#222222;background:#eeeeee;}.wp-block-kadence-tabs .kt-tabs-id_ee79d0-cc > .kt-tabs-content-wrap > .kt-tabs-accordion-title .kt-tab-title{margin-top:0px;margin-right:8px;margin-bottom:0px;margin-left:0px;}.wp-block-kadence-tabs .kt-tabs-id_ee79d0-cc > .kt-tabs-title-list li .kt-tab-title:hover, .wp-block-kadence-tabs .kt-tabs-id_ee79d0-cc > .kt-tabs-content-wrap > .kt-tabs-accordion-title .kt-tab-title:hover{border-color:#eeeeee;color:#222222;background:#e2e2e2;}.wp-block-kadence-tabs .kt-tabs-id_ee79d0-cc > .kt-tabs-title-list li.kt-tab-title-active .kt-tab-title, .wp-block-kadence-tabs .kt-tabs-id_ee79d0-cc > .kt-tabs-content-wrap > .kt-tabs-accordion-title.kt-tab-title-active .kt-tab-title{border-color:#eeeeee;color:#ffffff;background:#73aa4b;}<\/style>\n<div class=\"wp-block-kadence-tabs alignnone\"><div class=\"kt-tabs-wrap kt-tabs-id_ee79d0-cc kt-tabs-has-2-tabs kt-active-tab-1 kt-tabs-layout-tabs kt-tabs-tablet-layout-inherit kt-tabs-mobile-layout-inherit kt-tab-alignment-left \" style=\"max-width:none\"><ul class=\"kt-tabs-title-list\"><li id=\"tab-telefonisch\" class=\"kt-title-item kt-title-item-1 kt-tabs-svg-show-always kt-tabs-icon-side-right kt-tab-title-active\"><a href=\"#tab-telefonisch\" data-tab=\"1\" class=\"kt-tab-title kt-tab-title-1 \"><span class=\"kt-title-text\">Telefonisch<\/span><\/a><\/li><li id=\"tab-onlineanfrage\" class=\"kt-title-item kt-title-item-2 kt-tabs-svg-show-always kt-tabs-icon-side-right kt-tab-title-inactive\"><a href=\"#tab-onlineanfrage\" data-tab=\"2\" class=\"kt-tab-title kt-tab-title-2 \"><span class=\"kt-title-text\">Online Anfrage<\/span><\/a><\/li><\/ul><div class=\"kt-tabs-content-wrap\">\n<div class=\"wp-block-kadence-tab kt-tab-inner-content kt-inner-tab-1 kt-inner-tab_6cbd8b-2d\"><div class=\"kt-tab-inner-content-inner\">\n<p>F\u00fcr Terminvereinbarungen stehen wir unter folgenden Rufnummern zur Verf\u00fcgung. Sollten wir einmal in einer Behandlung sein, rufen wir Sie gerne zur\u00fcck.<\/p>\n\n\n\n<p class=\"has-text-align-left\"><!--CTX!--><span rel=\"6831113089311131a7311f31bd312131a9310e30553121308b31143065311730673114305e31143054310831913114308d311f305b310a306331\" class=\"cryptex \" style=\"\"><span class=\"CryptexImg ctx7ofoe2RtWmlRydN-VPFiOYQaRcivo92MwD1cAly9e6c\"><\/span><\/span><!--\/CTX!--><br><!--CTX!--><span rel=\"6831113082311b319d312331c33114305b31283055313130893115306a3119307c3123306d312d306d3110309131043176311f3072311d3063310231\" class=\"cryptex \" style=\"\"><span class=\"CryptexImg ctxPNFRLIDMFUWBUxvuUVE8GjXi3KUoYU42_GE9ldBLu2g\"><\/span><\/span><!--\/CTX!-->\n<\/div><\/div>\n\n\n\n<div class=\"wp-block-kadence-tab kt-tab-inner-content kt-inner-tab-2 kt-inner-tab_4be8cd-db\"><div class=\"kt-tab-inner-content-inner\">\n\n<div class=\"wpcf7 no-js\" id=\"wpcf7-f550-o1\" lang=\"de-DE\" dir=\"ltr\" data-wpcf7-id=\"550\">\n<div class=\"screen-reader-response\"><p role=\"status\" aria-live=\"polite\" aria-atomic=\"true\"><\/p> <ul><\/ul><\/div>\n<form action=\"\/index.php?rest_route=%2Fwp%2Fv2%2Fpages%2F83#wpcf7-f550-o1\" method=\"post\" class=\"wpcf7-form init wpcf7-acceptance-as-validation\" aria-label=\"Kontaktformular\" novalidate=\"novalidate\" data-status=\"init\">\n<fieldset class=\"hidden-fields-container\"><input type=\"hidden\" name=\"_wpcf7\" value=\"550\" \/><input type=\"hidden\" name=\"_wpcf7_version\" value=\"6.1.5\" \/><input type=\"hidden\" name=\"_wpcf7_locale\" value=\"de_DE\" \/><input type=\"hidden\" name=\"_wpcf7_unit_tag\" value=\"wpcf7-f550-o1\" \/><input type=\"hidden\" name=\"_wpcf7_container_post\" value=\"0\" \/><input type=\"hidden\" name=\"_wpcf7_posted_data_hash\" value=\"\" \/>\n<\/fieldset>\n<h5>Terminanfrage\n<\/h5>\n<p><label> Bitte geben Sie hier Ihren Namen an:<br \/>\n<span class=\"wpcf7-form-control-wrap\" data-name=\"your-name\"><input size=\"40\" maxlength=\"400\" class=\"wpcf7-form-control wpcf7-text wpcf7-validates-as-required\" aria-required=\"true\" aria-invalid=\"false\" value=\"\" type=\"text\" name=\"your-name\" \/><\/span> <\/label>\n<\/p>\n<p><label> Bitte geben Sie hier Ihre Email-Adresse an, damit wir mit Ihnen in Kontakt treten k\u00f6nnen:<br \/>\n<span class=\"wpcf7-form-control-wrap\" data-name=\"your-email\"><input size=\"40\" maxlength=\"400\" class=\"wpcf7-form-control wpcf7-email wpcf7-validates-as-required wpcf7-text wpcf7-validates-as-email\" aria-required=\"true\" aria-invalid=\"false\" value=\"\" type=\"email\" name=\"your-email\" \/><\/span> <\/label>\n<\/p>\n<p><label> Bitte geben Sie hier Ihre Telefonnummer an, falls Sie w\u00fcnschen, dass wir telefonisch mit Ihnen Kontakt aufnehmen:<br \/>\n<span class=\"wpcf7-form-control-wrap\" data-name=\"tel-107\"><input size=\"40\" maxlength=\"400\" class=\"wpcf7-form-control wpcf7-tel wpcf7-validates-as-required wpcf7-text wpcf7-validates-as-tel\" aria-required=\"true\" aria-invalid=\"false\" value=\"\" type=\"tel\" name=\"tel-107\" \/><\/span> <\/label>\n<\/p>\n<p><label> Bitte geben Sie hier das Ihr Wunschdatum f\u00fcr den Termin an. Unsere Mitarbeiter werden sich bei Ihnen melden um den genaueren Termin mit Ihnen abzusprechen:<br \/>\n<span class=\"wpcf7-form-control-wrap\" data-name=\"date-75\"><input class=\"wpcf7-form-control wpcf7-date wpcf7-validates-as-required wpcf7-validates-as-date\" aria-required=\"true\" aria-invalid=\"false\" value=\"\" type=\"date\" name=\"date-75\" \/><\/span> <\/label>\n<\/p>\n<h5>Datenschutz\n<\/h5>\n<p><span class=\"wpcf7-form-control-wrap\" data-name=\"dsgvo\"><span class=\"wpcf7-form-control wpcf7-acceptance\"><span class=\"wpcf7-list-item\"><label><input type=\"checkbox\" name=\"dsgvo\" value=\"1\" aria-invalid=\"false\" \/><span class=\"wpcf7-list-item-label\">Ich stimme der <a href=\"https:\/\/www.pfotenraum.de\/impressum\/datenschutzinformationen\/\">Datenschutzerkl\u00e4rung<\/a> zu.<\/span><\/label><\/span><\/span><\/span>\n<\/p>\n<p><span class=\"wpcf7-form-control-wrap kc_captcha\" data-name=\"kc_captcha\"><span class=\"wpcf7-form-control wpcf7-radio\"><span class=\"captcha-image\" ><span class=\"cf7ic_instructions\">Bitte beweise, dass du kein Spambot bist und w\u00e4hle das Symbol<span> Flagge<\/span>.<\/span><label><input aria-label=\"1\" type=\"radio\" name=\"kc_captcha\" value=\"bot\" \/><svg aria-hidden=\"true\" role=\"img\" xmlns=\"http:\/\/www.w3.org\/2000\/svg\" viewBox=\"0 0 576 512\"><path fill=\"currentColor\" d=\"M415 24c-53 0-103 42-127 65-24-23-74-65-127-65C70 24 16 77 16 166c0 72 67 133 69 135l187 181c9 8 23 8 32 0l187-180c2-3 69-64 69-136 0-89-54-142-145-142z\"\/><\/svg><\/label><label><input aria-label=\"2\" type=\"radio\" name=\"kc_captcha\" value=\"bot\" \/><svg aria-hidden=\"true\" role=\"img\" xmlns=\"http:\/\/www.w3.org\/2000\/svg\" viewBox=\"0 0 576 512\"><path fill=\"currentColor\" d=\"M259 18l-65 132-146 22c-26 3-37 36-18 54l106 103-25 146c-5 26 23 46 46 33l131-68 131 68c23 13 51-7 46-33l-25-146 106-103c19-18 8-51-18-54l-146-22-65-132a32 32 0 00-58 0z\"\/><\/svg><\/label><label><input aria-label=\"3\" type=\"radio\" name=\"kc_captcha\" value=\"kc_human\" \/><svg aria-hidden=\"true\" role=\"img\" xmlns=\"http:\/\/www.w3.org\/2000\/svg\" viewBox=\"0 0 512 512\"><path fill=\"currentColor\" d=\"M350 99c-54 0-98-35-166-35-25 0-47 4-68 12a56 56 0 004-24C118 24 95 1 66 0a56 56 0 00-34 102v386c0 13 11 24 24 24h16c13 0 24-11 24-24v-94c28-12 64-23 114-23 54 0 98 35 166 35 48 0 86-16 122-41 9-6 14-15 14-26V96c0-23-24-39-45-29-35 16-77 32-117 32z\"\/><\/svg><\/label>\r\n    <\/span>\r\n    <span style=\"display:none\">\r\n        <input type=\"text\" name=\"kc_honeypot\">\r\n    <\/span><\/span><\/span>\n<\/p>\n<p><input class=\"wpcf7-form-control wpcf7-submit has-spinner\" type=\"submit\" value=\"Terminanfrage absenden\" \/>\n<\/p><div class=\"wpcf7-response-output\" aria-hidden=\"true\"><\/div>\n<\/form>\n<\/div>\n\n<\/div><\/div>\n<\/div><\/div><\/div>\n<\/div><\/div>\n\n\n<style>.kadence-column_269f90-4f > .kt-inside-inner-col{border-top-width:0px;border-right-width:0px;border-bottom-width:0px;border-left-width:0px;}.kadence-column_269f90-4f > .kt-inside-inner-col,.kadence-column_269f90-4f > .kt-inside-inner-col:before{border-top-left-radius:0px;border-top-right-radius:0px;border-bottom-right-radius:0px;border-bottom-left-radius:0px;}.kadence-column_269f90-4f > .kt-inside-inner-col{column-gap:var(--global-kb-gap-sm, 1rem);}.kadence-column_269f90-4f > .kt-inside-inner-col{flex-direction:column;}.kadence-column_269f90-4f > .kt-inside-inner-col > .aligncenter{width:100%;}.kadence-column_269f90-4f > .kt-inside-inner-col:before{opacity:0.3;}.kadence-column_269f90-4f{position:relative;}@media all and (max-width: 1024px){.kadence-column_269f90-4f > .kt-inside-inner-col{flex-direction:column;justify-content:center;}}@media all and (max-width: 767px){.kadence-column_269f90-4f > .kt-inside-inner-col{flex-direction:column;justify-content:center;}}<\/style>\n<div class=\"wp-block-kadence-column inner-column-2 kadence-column_269f90-4f\"><div class=\"kt-inside-inner-col\">\n<div class=\"wp-block-image\"><figure class=\"alignright\"><img loading=\"lazy\" decoding=\"async\" width=\"424\" height=\"283\" src=\"https:\/\/www.pfotenraum.de\/wp-content\/uploads\/2018\/12\/Fotolia_199111094_XS-copy.jpg\" alt=\"\" class=\"wp-image-80\" srcset=\"https:\/\/www.pfotenraum.de\/wp-content\/uploads\/2018\/12\/Fotolia_199111094_XS-copy.jpg 424w, https:\/\/www.pfotenraum.de\/wp-content\/uploads\/2018\/12\/Fotolia_199111094_XS-copy-300x200.jpg 300w\" sizes=\"auto, (max-width: 424px) 100vw, 424px\" \/><\/figure><\/div>\n<\/div><\/div>\n<\/div><\/div><\/div>\n\n\n\n<div style=\"margin-bottom: 350px;\"><\/div>\n","protected":false},"excerpt":{"rendered":"<p>Termine k\u00f6nnen Sie bei uns direkt telefonisch vereinbaren. Alternativ haben Sie auch die M\u00f6glichkeit uns online eine Terminanfrage zu senden.<\/p>\n","protected":false},"author":1,"featured_media":0,"parent":0,"menu_order":0,"comment_status":"closed","ping_status":"closed","template":"","meta":{"footnotes":""},"class_list":["post-83","page","type-page","status-publish","hentry"],"yoast_head":"<!-- This site is optimized with the Yoast SEO plugin v27.4 - https:\/\/yoast.com\/product\/yoast-seo-wordpress\/ -->\n<title>Termine - Pfoten(T)Raum - Franca Oehlenberg<\/title>\n<meta name=\"description\" content=\"Vereinbaren Sie einfach Termine online oder telefonisch mit uns.\" \/>\n<meta name=\"robots\" content=\"index, follow, max-snippet:-1, max-image-preview:large, max-video-preview:-1\" \/>\n<link rel=\"canonical\" href=\"https:\/\/www.pfotenraum.de\/?page_id=83\" \/>\n<meta property=\"og:locale\" content=\"de_DE\" \/>\n<meta property=\"og:type\" content=\"article\" \/>\n<meta property=\"og:title\" content=\"Termine - Pfoten(T)Raum - Franca Oehlenberg\" \/>\n<meta property=\"og:description\" content=\"Vereinbaren Sie einfach Termine online oder telefonisch mit uns.\" \/>\n<meta property=\"og:url\" content=\"https:\/\/www.pfotenraum.de\/?page_id=83\" \/>\n<meta property=\"og:site_name\" content=\"Pfoten(T)Raum - Franca Oehlenberg\" \/>\n<meta property=\"article:modified_time\" content=\"2020-01-12T12:35:04+00:00\" \/>\n<meta property=\"og:image\" content=\"https:\/\/www.pfotenraum.de\/wp-content\/uploads\/2018\/12\/Fotolia_199111094_XS-copy.jpg\" \/>\n<meta name=\"twitter:card\" content=\"summary_large_image\" \/>\n<script type=\"application\/ld+json\" class=\"yoast-schema-graph\">{\"@context\":\"https:\\\/\\\/schema.org\",\"@graph\":[{\"@type\":\"WebPage\",\"@id\":\"https:\\\/\\\/www.pfotenraum.de\\\/?page_id=83\",\"url\":\"https:\\\/\\\/www.pfotenraum.de\\\/?page_id=83\",\"name\":\"Termine - Pfoten(T)Raum - Franca Oehlenberg\",\"isPartOf\":{\"@id\":\"https:\\\/\\\/www.pfotenraum.de\\\/#website\"},\"primaryImageOfPage\":{\"@id\":\"https:\\\/\\\/www.pfotenraum.de\\\/?page_id=83#primaryimage\"},\"image\":{\"@id\":\"https:\\\/\\\/www.pfotenraum.de\\\/?page_id=83#primaryimage\"},\"thumbnailUrl\":\"https:\\\/\\\/www.pfotenraum.de\\\/wp-content\\\/uploads\\\/2018\\\/12\\\/Fotolia_199111094_XS-copy.jpg\",\"datePublished\":\"2018-12-15T21:25:47+00:00\",\"dateModified\":\"2020-01-12T12:35:04+00:00\",\"description\":\"Vereinbaren Sie einfach Termine online oder telefonisch mit uns.\",\"breadcrumb\":{\"@id\":\"https:\\\/\\\/www.pfotenraum.de\\\/?page_id=83#breadcrumb\"},\"inLanguage\":\"de\",\"potentialAction\":[{\"@type\":\"ReadAction\",\"target\":[\"https:\\\/\\\/www.pfotenraum.de\\\/?page_id=83\"]}]},{\"@type\":\"ImageObject\",\"inLanguage\":\"de\",\"@id\":\"https:\\\/\\\/www.pfotenraum.de\\\/?page_id=83#primaryimage\",\"url\":\"https:\\\/\\\/www.pfotenraum.de\\\/wp-content\\\/uploads\\\/2018\\\/12\\\/Fotolia_199111094_XS-copy.jpg\",\"contentUrl\":\"https:\\\/\\\/www.pfotenraum.de\\\/wp-content\\\/uploads\\\/2018\\\/12\\\/Fotolia_199111094_XS-copy.jpg\",\"width\":424,\"height\":283,\"caption\":\"partial view of woman giving telephone tube to adorable beagle in eyeglasses isolated on white\"},{\"@type\":\"BreadcrumbList\",\"@id\":\"https:\\\/\\\/www.pfotenraum.de\\\/?page_id=83#breadcrumb\",\"itemListElement\":[{\"@type\":\"ListItem\",\"position\":1,\"name\":\"Startseite\",\"item\":\"https:\\\/\\\/www.pfotenraum.de\\\/\"},{\"@type\":\"ListItem\",\"position\":2,\"name\":\"Termine\"}]},{\"@type\":\"WebSite\",\"@id\":\"https:\\\/\\\/www.pfotenraum.de\\\/#website\",\"url\":\"https:\\\/\\\/www.pfotenraum.de\\\/\",\"name\":\"Pfoten(T)Raum - Franca Oehlenberg\",\"description\":\"Die Therapie f\u00fcr Deinen Hund\",\"publisher\":{\"@id\":\"https:\\\/\\\/www.pfotenraum.de\\\/#organization\"},\"potentialAction\":[{\"@type\":\"SearchAction\",\"target\":{\"@type\":\"EntryPoint\",\"urlTemplate\":\"https:\\\/\\\/www.pfotenraum.de\\\/?s={search_term_string}\"},\"query-input\":{\"@type\":\"PropertyValueSpecification\",\"valueRequired\":true,\"valueName\":\"search_term_string\"}}],\"inLanguage\":\"de\"},{\"@type\":\"Organization\",\"@id\":\"https:\\\/\\\/www.pfotenraum.de\\\/#organization\",\"name\":\"Pfoten(T)Raum - Franca Oehlenberg - Die Therapie f\u00fcr Ihren Hund\",\"url\":\"https:\\\/\\\/www.pfotenraum.de\\\/\",\"logo\":{\"@type\":\"ImageObject\",\"inLanguage\":\"de\",\"@id\":\"https:\\\/\\\/www.pfotenraum.de\\\/#\\\/schema\\\/logo\\\/image\\\/\",\"url\":\"https:\\\/\\\/www.pfotenraum.de\\\/wp-content\\\/uploads\\\/2018\\\/12\\\/Logo_nur_Hund.png\",\"contentUrl\":\"https:\\\/\\\/www.pfotenraum.de\\\/wp-content\\\/uploads\\\/2018\\\/12\\\/Logo_nur_Hund.png\",\"width\":256,\"height\":256,\"caption\":\"Pfoten(T)Raum - Franca Oehlenberg - Die Therapie f\u00fcr Ihren Hund\"},\"image\":{\"@id\":\"https:\\\/\\\/www.pfotenraum.de\\\/#\\\/schema\\\/logo\\\/image\\\/\"}}]}<\/script>\n<!-- \/ Yoast SEO plugin. -->","yoast_head_json":{"title":"Termine - Pfoten(T)Raum - Franca Oehlenberg","description":"Vereinbaren Sie einfach Termine online oder telefonisch mit uns.","robots":{"index":"index","follow":"follow","max-snippet":"max-snippet:-1","max-image-preview":"max-image-preview:large","max-video-preview":"max-video-preview:-1"},"canonical":"https:\/\/www.pfotenraum.de\/?page_id=83","og_locale":"de_DE","og_type":"article","og_title":"Termine - Pfoten(T)Raum - Franca Oehlenberg","og_description":"Vereinbaren Sie einfach Termine online oder telefonisch mit uns.","og_url":"https:\/\/www.pfotenraum.de\/?page_id=83","og_site_name":"Pfoten(T)Raum - Franca Oehlenberg","article_modified_time":"2020-01-12T12:35:04+00:00","og_image":[{"url":"https:\/\/www.pfotenraum.de\/wp-content\/uploads\/2018\/12\/Fotolia_199111094_XS-copy.jpg","type":"","width":"","height":""}],"twitter_card":"summary_large_image","schema":{"@context":"https:\/\/schema.org","@graph":[{"@type":"WebPage","@id":"https:\/\/www.pfotenraum.de\/?page_id=83","url":"https:\/\/www.pfotenraum.de\/?page_id=83","name":"Termine - Pfoten(T)Raum - Franca Oehlenberg","isPartOf":{"@id":"https:\/\/www.pfotenraum.de\/#website"},"primaryImageOfPage":{"@id":"https:\/\/www.pfotenraum.de\/?page_id=83#primaryimage"},"image":{"@id":"https:\/\/www.pfotenraum.de\/?page_id=83#primaryimage"},"thumbnailUrl":"https:\/\/www.pfotenraum.de\/wp-content\/uploads\/2018\/12\/Fotolia_199111094_XS-copy.jpg","datePublished":"2018-12-15T21:25:47+00:00","dateModified":"2020-01-12T12:35:04+00:00","description":"Vereinbaren Sie einfach Termine online oder telefonisch mit uns.","breadcrumb":{"@id":"https:\/\/www.pfotenraum.de\/?page_id=83#breadcrumb"},"inLanguage":"de","potentialAction":[{"@type":"ReadAction","target":["https:\/\/www.pfotenraum.de\/?page_id=83"]}]},{"@type":"ImageObject","inLanguage":"de","@id":"https:\/\/www.pfotenraum.de\/?page_id=83#primaryimage","url":"https:\/\/www.pfotenraum.de\/wp-content\/uploads\/2018\/12\/Fotolia_199111094_XS-copy.jpg","contentUrl":"https:\/\/www.pfotenraum.de\/wp-content\/uploads\/2018\/12\/Fotolia_199111094_XS-copy.jpg","width":424,"height":283,"caption":"partial view of woman giving telephone tube to adorable beagle in eyeglasses isolated on white"},{"@type":"BreadcrumbList","@id":"https:\/\/www.pfotenraum.de\/?page_id=83#breadcrumb","itemListElement":[{"@type":"ListItem","position":1,"name":"Startseite","item":"https:\/\/www.pfotenraum.de\/"},{"@type":"ListItem","position":2,"name":"Termine"}]},{"@type":"WebSite","@id":"https:\/\/www.pfotenraum.de\/#website","url":"https:\/\/www.pfotenraum.de\/","name":"Pfoten(T)Raum - Franca Oehlenberg","description":"Die Therapie f\u00fcr Deinen Hund","publisher":{"@id":"https:\/\/www.pfotenraum.de\/#organization"},"potentialAction":[{"@type":"SearchAction","target":{"@type":"EntryPoint","urlTemplate":"https:\/\/www.pfotenraum.de\/?s={search_term_string}"},"query-input":{"@type":"PropertyValueSpecification","valueRequired":true,"valueName":"search_term_string"}}],"inLanguage":"de"},{"@type":"Organization","@id":"https:\/\/www.pfotenraum.de\/#organization","name":"Pfoten(T)Raum - Franca Oehlenberg - Die Therapie f\u00fcr Ihren Hund","url":"https:\/\/www.pfotenraum.de\/","logo":{"@type":"ImageObject","inLanguage":"de","@id":"https:\/\/www.pfotenraum.de\/#\/schema\/logo\/image\/","url":"https:\/\/www.pfotenraum.de\/wp-content\/uploads\/2018\/12\/Logo_nur_Hund.png","contentUrl":"https:\/\/www.pfotenraum.de\/wp-content\/uploads\/2018\/12\/Logo_nur_Hund.png","width":256,"height":256,"caption":"Pfoten(T)Raum - Franca Oehlenberg - Die Therapie f\u00fcr Ihren Hund"},"image":{"@id":"https:\/\/www.pfotenraum.de\/#\/schema\/logo\/image\/"}}]}},"_links":{"self":[{"href":"https:\/\/www.pfotenraum.de\/index.php?rest_route=\/wp\/v2\/pages\/83","targetHints":{"allow":["GET"]}}],"collection":[{"href":"https:\/\/www.pfotenraum.de\/index.php?rest_route=\/wp\/v2\/pages"}],"about":[{"href":"https:\/\/www.pfotenraum.de\/index.php?rest_route=\/wp\/v2\/types\/page"}],"author":[{"embeddable":true,"href":"https:\/\/www.pfotenraum.de\/index.php?rest_route=\/wp\/v2\/users\/1"}],"replies":[{"embeddable":true,"href":"https:\/\/www.pfotenraum.de\/index.php?rest_route=%2Fwp%2Fv2%2Fcomments&post=83"}],"version-history":[{"count":56,"href":"https:\/\/www.pfotenraum.de\/index.php?rest_route=\/wp\/v2\/pages\/83\/revisions"}],"predecessor-version":[{"id":587,"href":"https:\/\/www.pfotenraum.de\/index.php?rest_route=\/wp\/v2\/pages\/83\/revisions\/587"}],"wp:attachment":[{"href":"https:\/\/www.pfotenraum.de\/index.php?rest_route=%2Fwp%2Fv2%2Fmedia&parent=83"}],"curies":[{"name":"wp","href":"https:\/\/api.w.org\/{rel}","templated":true}]}}