{"id":59,"date":"2018-12-15T21:48:04","date_gmt":"2018-12-15T20:48:04","guid":{"rendered":"https:\/\/www.pfotenraum.de\/?page_id=59"},"modified":"2019-09-11T23:46:05","modified_gmt":"2019-09-11T21:46:05","slug":"ihre-rechte","status":"publish","type":"page","link":"https:\/\/www.pfotenraum.de\/?page_id=59","title":{"rendered":"Ihre Rechte"},"content":{"rendered":"\n<h3 class=\"wp-block-heading\">RECHTE DER BETROFFENEN PERSON<\/h3>\n\n\n\n<p>Werden personenbezogene Daten von Ihnen verarbeitet, sind Sie Betroffener i.S.d. DSGVO und es stehen Ihnen folgende Rechte gegen\u00fcber dem Verantwortlichen zu:<\/p>\n\n\n\n<h4 class=\"wp-block-heading\"><strong>AUSKUNFSRECHT<\/strong><\/h4>\n\n\n\n<p>Sie k\u00f6nnen von dem Verantwortlichen eine Best\u00e4tigung dar\u00fcber verlangen, ob personenbezogene Daten, die Sie betreffen, von uns verarbeitet werden.<\/p>\n\n\n\n<p>Liegt eine solche Verarbeitung vor, k\u00f6nnen Sie von dem Verantwortlichen \u00fcber folgende Informationen Auskunft verlangen:<\/p>\n\n\n\n<p>(1)&nbsp;&nbsp;&nbsp;&nbsp;&nbsp;&nbsp; die Zwecke, zu denen die personenbezogenen Daten verarbeitet werden;<\/p>\n\n\n\n<p>(2)&nbsp;&nbsp;&nbsp;&nbsp;&nbsp;&nbsp; die Kategorien von personenbezogenen Daten, welche verarbeitet werden;<\/p>\n\n\n\n<p>(3)&nbsp;&nbsp;&nbsp;&nbsp;&nbsp;&nbsp; die Empf\u00e4nger bzw. die Kategorien von Empf\u00e4ngern, gegen\u00fcber denen die Sie betreffenden personenbezogenen Daten offengelegt wurden oder noch offengelegt werden;<\/p>\n\n\n\n<p>(4)&nbsp;&nbsp;&nbsp;&nbsp;&nbsp;&nbsp; die geplante Dauer der Speicherung der Sie betreffenden personenbezogenen Daten oder, falls konkrete Angaben hierzu nicht m\u00f6glich sind, Kriterien f\u00fcr die Festlegung der Speicherdauer;<\/p>\n\n\n\n<p>(5)&nbsp;&nbsp;&nbsp;&nbsp;&nbsp;&nbsp; das Bestehen eines Rechts auf Berichtigung oder L\u00f6schung der Sie betreffenden personenbezogenen Daten, eines Rechts auf Einschr\u00e4nkung der Verarbeitung durch den Verantwortlichen oder eines Widerspruchsrechts gegen diese Verarbeitung;<\/p>\n\n\n\n<p>(6)&nbsp;&nbsp;&nbsp;&nbsp;&nbsp;&nbsp; das Bestehen eines Beschwerderechts bei einer Aufsichtsbeh\u00f6rde;<\/p>\n\n\n\n<p>(7)&nbsp;&nbsp;&nbsp;&nbsp;&nbsp;&nbsp; alle verf\u00fcgbaren Informationen \u00fcber die Herkunft der Daten, wenn die personenbezogenen Daten nicht bei der betroffenen Person erhoben werden;<\/p>\n\n\n\n<p>(8)&nbsp;&nbsp;&nbsp;&nbsp;&nbsp;&nbsp; das Bestehen einer automatisierten Entscheidungsfindung einschlie\u00dflich Profiling gem\u00e4\u00df Art.&nbsp;22 Abs.&nbsp;1 und 4 DSGVO und \u2013 zumindest in diesen F\u00e4llen \u2013 aussagekr\u00e4ftige Informationen \u00fcber die involvierte Logik sowie die Tragweite und die angestrebten Auswirkungen einer derartigen Verarbeitung f\u00fcr die betroffene Person.<\/p>\n\n\n\n<p>Ihnen steht das Recht zu, Auskunft dar\u00fcber zu verlangen, ob die Sie betreffenden personenbezogenen Daten in ein Drittland oder an eine internationale Organisation \u00fcbermittelt werden. In diesem Zusammenhang k\u00f6nnen Sie verlangen, \u00fcber die geeigneten Garantien gem. Art.&nbsp;46 DSGVO im Zusammenhang mit der \u00dcbermittlung unterrichtet zu werden.<\/p>\n\n\n\n<h4 class=\"wp-block-heading\"><strong>RECHT AUF BERICHTIGUNG<\/strong><\/h4>\n\n\n\n<p>Sie haben ein Recht auf Berichtigung und\/oder Vervollst\u00e4ndigung gegen\u00fcber dem Verantwortlichen, sofern die verarbeiteten personenbezogenen Daten, die Sie betreffen, unrichtig oder unvollst\u00e4ndig sind. Der Verantwortliche hat die Berichtigung unverz\u00fcglich vorzunehmen.<\/p>\n\n\n\n<h4 class=\"wp-block-heading\"><strong>RECHT AUF EINSCHR\u00c4NKUNG DER VERARBEITUNG<\/strong><\/h4>\n\n\n\n<p>Unter den folgenden Voraussetzungen k\u00f6nnen Sie die Einschr\u00e4nkung der Verarbeitung der Sie betreffenden personenbezogenen Daten verlangen:<\/p>\n\n\n\n<p>(1)&nbsp;&nbsp;&nbsp;&nbsp;&nbsp;&nbsp; wenn Sie die Richtigkeit der Sie betreffenden personenbezogenen f\u00fcr eine Dauer bestreiten, die es dem Verantwortlichen erm\u00f6glicht, die Richtigkeit der personenbezogenen Daten zu \u00fcberpr\u00fcfen;<\/p>\n\n\n\n<p>(2)&nbsp;&nbsp;&nbsp;&nbsp;&nbsp;&nbsp; die Verarbeitung unrechtm\u00e4\u00dfig ist und Sie die L\u00f6schung der personenbezogenen Daten ablehnen und stattdessen die Einschr\u00e4nkung der Nutzung der personenbezogenen Daten verlangen;<\/p>\n\n\n\n<p>(3)&nbsp;&nbsp;&nbsp;&nbsp;&nbsp;&nbsp; der Verantwortliche die personenbezogenen Daten f\u00fcr die Zwecke der Verarbeitung nicht l\u00e4nger ben\u00f6tigt, Sie diese jedoch zur Geltendmachung, Aus\u00fcbung oder Verteidigung von Rechtsanspr\u00fcchen ben\u00f6tigen, oder<\/p>\n\n\n\n<p>(4)&nbsp;&nbsp;&nbsp;&nbsp;&nbsp;&nbsp; wenn Sie Widerspruch gegen die Verarbeitung gem\u00e4\u00df Art.&nbsp;21 Abs.&nbsp;1 DSGVO eingelegt haben und noch nicht feststeht, ob die berechtigten Gr\u00fcnde des Verantwortlichen gegen\u00fcber Ihren Gr\u00fcnden \u00fcberwiegen.<\/p>\n\n\n\n<p>Wurde die Verarbeitung der Sie betreffenden personenbezogenen Daten eingeschr\u00e4nkt, d\u00fcrfen diese Daten \u2013 von ihrer Speicherung abgesehen \u2013 nur mit Ihrer Einwilligung oder zur Geltendmachung, Aus\u00fcbung oder Verteidigung von Rechtsanspr\u00fcchen oder zum Schutz der Rechte einer anderen nat\u00fcrlichen oder juristischen Person oder aus Gr\u00fcnden eines wichtigen \u00f6ffentlichen Interesses der Union oder eines Mitgliedstaats verarbeitet werden.<\/p>\n\n\n\n<p>Wurde die Einschr\u00e4nkung der Verarbeitung nach den o.g. Voraussetzungen eingeschr\u00e4nkt, werden Sie von dem Verantwortlichen unterrichtet bevor die Einschr\u00e4nkung aufgehoben wird.<\/p>\n\n\n\n<p><em>Bei Datenverarbeitung zu wissenschaftlichen, historischen oder statistischen Forschungszwecken:<\/em><\/p>\n\n\n\n<h4 class=\"wp-block-heading\"><strong>RECHT AUF L\u00d6SCHUNG<\/strong><\/h4>\n\n\n\n<h4 class=\"wp-block-heading\" id=\"DATENSCHUTZERKL\u00c4RUNG-WebSeite-L\u00f6schungspflicht\">L\u00f6schungspflicht<\/h4>\n\n\n\n<p>Sie k\u00f6nnen von dem Verantwortlichen verlangen, dass die Sie betreffenden personenbezogenen Daten unverz\u00fcglich gel\u00f6scht werden, und der Verantwortliche ist verpflichtet, diese Daten unverz\u00fcglich zu l\u00f6schen, sofern einer der folgenden Gr\u00fcnde zutrifft:<\/p>\n\n\n\n<p>(1)&nbsp;&nbsp;&nbsp;&nbsp;&nbsp;&nbsp; Die Sie betreffenden personenbezogenen Daten sind f\u00fcr die Zwecke, f\u00fcr die sie erhoben oder auf sonstige Weise verarbeitet wurden, nicht mehr notwendig.<\/p>\n\n\n\n<p>(2)&nbsp;&nbsp;&nbsp;&nbsp;&nbsp;&nbsp; Sie widerrufen Ihre Einwilligung, auf die sich die Verarbeitung gem. Art.&nbsp;6 Abs.&nbsp;1 lit.&nbsp;a oder Art.&nbsp;9 Abs.&nbsp;2 lit.&nbsp;a DSGVO st\u00fctzte, und es fehlt an einer anderweitigen Rechtsgrundlage f\u00fcr die Verarbeitung.<\/p>\n\n\n\n<p>(3)&nbsp;&nbsp;&nbsp;&nbsp;&nbsp;&nbsp; Sie legen gem. Art.&nbsp;21 Abs.&nbsp;1 DSGVO Widerspruch gegen die Verarbeitung ein und es liegen keine vorrangigen berechtigten Gr\u00fcnde f\u00fcr die Verarbeitung vor, oder Sie legen gem. Art.&nbsp;21 Abs.&nbsp;2 DSGVO Widerspruch gegen die Verarbeitung ein.<\/p>\n\n\n\n<p>(4)&nbsp;&nbsp;&nbsp;&nbsp;&nbsp;&nbsp; Die Sie betreffenden personenbezogenen Daten wurden unrechtm\u00e4\u00dfig verarbeitet.<\/p>\n\n\n\n<p>(5)&nbsp;&nbsp;&nbsp;&nbsp;&nbsp;&nbsp; Die L\u00f6schung der Sie betreffenden personenbezogenen Daten ist zur Erf\u00fcllung einer rechtlichen Verpflichtung nach dem Unionsrecht oder dem Recht der Mitgliedstaaten erforderlich, dem der Verantwortliche unterliegt.<\/p>\n\n\n\n<p>(6)&nbsp;&nbsp;&nbsp;&nbsp;&nbsp;&nbsp; Die Sie betreffenden personenbezogenen Daten wurden in Bezug auf angebotene Dienste der Informationsgesellschaft gem\u00e4\u00df Art.&nbsp;8 Abs.&nbsp;1 DSGVO erhoben.<\/p>\n\n\n\n<h4 class=\"wp-block-heading\" id=\"DATENSCHUTZERKL\u00c4RUNG-WebSeite-InformationanDritte\">Information an Dritte<\/h4>\n\n\n\n<p>Hat der Verantwortliche die Sie betreffenden personenbezogenen Daten \u00f6ffentlich gemacht und ist er gem. Art.&nbsp;17 Abs.&nbsp;1 DSGVO zu deren L\u00f6schung verpflichtet, so trifft er unter Ber\u00fccksichtigung der verf\u00fcgbaren Technologie und der Implementierungskosten angemessene Ma\u00dfnahmen, auch technischer Art, um f\u00fcr die Datenverarbeitung Verantwortliche, die die personenbezogenen Daten verarbeiten, dar\u00fcber zu informieren, dass Sie als betroffene Person von ihnen die L\u00f6schung aller Links zu diesen personenbezogenen Daten oder von Kopien oder Replikationen dieser personenbezogenen Daten verlangt haben.<\/p>\n\n\n\n<h4 class=\"wp-block-heading\" id=\"DATENSCHUTZERKL\u00c4RUNG-WebSeite-Ausnahmen\">Ausnahmen<\/h4>\n\n\n\n<p>Das Recht auf L\u00f6schung besteht nicht, soweit die Verarbeitung erforderlich ist<\/p>\n\n\n\n<p>(1)&nbsp;&nbsp;&nbsp;&nbsp;&nbsp;&nbsp; zur Aus\u00fcbung des Rechts auf freie Meinungs\u00e4u\u00dferung und Information;<\/p>\n\n\n\n<p>(2)&nbsp;&nbsp;&nbsp;&nbsp;&nbsp;&nbsp; zur Erf\u00fcllung einer rechtlichen Verpflichtung, die die Verarbeitung nach dem Recht der Union oder der Mitgliedstaaten, dem der Verantwortliche unterliegt, erfordert, oder zur Wahrnehmung einer Aufgabe, die im \u00f6ffentlichen Interesse liegt oder in Aus\u00fcbung \u00f6ffentlicher Gewalt erfolgt, die dem Verantwortlichen \u00fcbertragen wurde;<\/p>\n\n\n\n<p>(3)&nbsp;&nbsp;&nbsp;&nbsp;&nbsp;&nbsp; aus Gr\u00fcnden des \u00f6ffentlichen Interesses im Bereich der \u00f6ffentlichen Gesundheit gem\u00e4\u00df Art.&nbsp;9 Abs.&nbsp;2 lit.&nbsp;h und i sowie Art.&nbsp;9 Abs.&nbsp;3 DSGVO;<\/p>\n\n\n\n<p>(4)&nbsp;&nbsp;&nbsp;&nbsp;&nbsp;&nbsp; f\u00fcr im \u00f6ffentlichen Interesse liegende Archivzwecke, wissenschaftliche oder historische Forschungszwecke oder f\u00fcr statistische Zwecke gem. Art.&nbsp;89 Abs.&nbsp;1 DSGVO, soweit das unter Abschnitt a) genannte Recht voraussichtlich die Verwirklichung der Ziele dieser Verarbeitung unm\u00f6glich macht oder ernsthaft beeintr\u00e4chtigt, oder<\/p>\n\n\n\n<p>(5)&nbsp;&nbsp;&nbsp;&nbsp;&nbsp;&nbsp; zur Geltendmachung, Aus\u00fcbung oder Verteidigung von Rechtsanspr\u00fcchen.<\/p>\n\n\n\n<h4 class=\"wp-block-heading\"><strong>RECHT AUF UNTERRICHTUNG<\/strong><\/h4>\n\n\n\n<p>Haben Sie das Recht auf Berichtigung, L\u00f6schung oder Einschr\u00e4nkung der Verarbeitung gegen\u00fcber dem Verantwortlichen geltend gemacht, ist dieser verpflichtet, allen Empf\u00e4ngern, denen die Sie betreffenden personenbezogenen Daten offengelegt wurden, diese Berichtigung oder L\u00f6schung der Daten oder Einschr\u00e4nkung der Verarbeitung mitzuteilen, es sei denn, dies erweist sich als unm\u00f6glich oder ist mit einem unverh\u00e4ltnism\u00e4\u00dfigen Aufwand verbunden.<\/p>\n\n\n\n<p>Ihnen steht gegen\u00fcber dem Verantwortlichen das Recht zu, \u00fcber diese Empf\u00e4nger unterrichtet zu werden.<\/p>\n\n\n\n<h4 class=\"wp-block-heading\"><strong>RECHT AUF DATEN\u00dcBERTRAGBARKEIT<\/strong><\/h4>\n\n\n\n<p>Sie haben das Recht, die Sie betreffenden personenbezogenen Daten, die Sie dem Verantwortlichen bereitgestellt haben, in einem strukturierten, g\u00e4ngigen und maschinenlesbaren Format zu erhalten. Au\u00dferdem haben Sie das Recht diese Daten einem anderen Verantwortlichen ohne Behinderung durch den Verantwortlichen, dem die personenbezogenen Daten bereitgestellt wurden, zu \u00fcbermitteln, sofern<\/p>\n\n\n\n<p>(1)&nbsp;&nbsp;&nbsp;&nbsp;&nbsp;&nbsp; die Verarbeitung auf einer Einwilligung gem. Art.&nbsp;6 Abs.&nbsp;1 lit.&nbsp;a DSGVO oder Art.&nbsp;9 Abs.&nbsp;2 lit.&nbsp;a DSGVO oder auf einem Vertrag gem. Art.&nbsp;6 Abs.&nbsp;1 lit.&nbsp;b DSGVO beruht und<\/p>\n\n\n\n<p>(2)&nbsp;&nbsp;&nbsp;&nbsp;&nbsp;&nbsp; die Verarbeitung mithilfe automatisierter Verfahren erfolgt.<\/p>\n\n\n\n<p>In Aus\u00fcbung dieses Rechts haben Sie ferner das Recht, zu erwirken, dass die Sie betreffenden personenbezogenen Daten direkt von einem Verantwortlichen einem anderen Verantwortlichen \u00fcbermittelt werden, soweit dies technisch machbar ist. Freiheiten und Rechte anderer Personen d\u00fcrfen hierdurch nicht beeintr\u00e4chtigt werden.<\/p>\n\n\n\n<p>Das Recht auf Daten\u00fcbertragbarkeit gilt nicht f\u00fcr eine Verarbeitung personenbezogener Daten, die f\u00fcr die Wahrnehmung einer Aufgabe erforderlich ist, die im \u00f6ffentlichen Interesse liegt oder in Aus\u00fcbung \u00f6ffentlicher Gewalt erfolgt, die dem Verantwortlichen \u00fcbertragen wurde.<\/p>\n\n\n\n<h4 class=\"wp-block-heading\"><strong>WIDERSPRUCHSRECHT<\/strong><\/h4>\n\n\n\n<p>Sie haben das Recht, aus Gr\u00fcnden, die sich aus ihrer besonderen Situation ergeben, jederzeit gegen die Verarbeitung der Sie betreffenden personenbezogenen Daten, die aufgrund von Art.&nbsp;6 Abs.&nbsp;1 lit.&nbsp;e oder f DSGVO erfolgt, Widerspruch einzulegen; dies gilt auch f\u00fcr ein auf diese Bestimmungen gest\u00fctztes Profiling.<\/p>\n\n\n\n<p>Der Verantwortliche verarbeitet die Sie betreffenden personenbezogenen Daten nicht mehr, es sei denn, er kann zwingende schutzw\u00fcrdige Gr\u00fcnde f\u00fcr die Verarbeitung nachweisen, die Ihre Interessen, Rechte und Freiheiten \u00fcberwiegen, oder die Verarbeitung dient der Geltendmachung, Aus\u00fcbung oder Verteidigung von Rechtsanspr\u00fcchen.<\/p>\n\n\n\n<p>Werden die Sie betreffenden personenbezogenen Daten verarbeitet, um Direktwerbung zu betreiben, haben Sie das Recht, jederzeit Widerspruch gegen die Verarbeitung der Sie betreffenden personenbezogenen Daten zum Zwecke derartiger Werbung einzulegen; dies gilt auch f\u00fcr das Profiling, soweit es mit solcher Direktwerbung in Verbindung steht.<\/p>\n\n\n\n<p>Widersprechen Sie der Verarbeitung f\u00fcr Zwecke der Direktwerbung, so werden die Sie betreffenden personenbezogenen Daten nicht mehr f\u00fcr diese Zwecke verarbeitet.<\/p>\n\n\n\n<p>Sie haben die M\u00f6glichkeit, im Zusammenhang mit der Nutzung von Diensten der Informationsgesellschaft \u2013 ungeachtet der Richtlinie 2002\/58\/EG \u2013 Ihr Widerspruchsrecht mittels automatisierter Verfahren auszu\u00fcben, bei denen technische Spezifikationen verwendet werden.<\/p>\n\n\n\n<h4 class=\"wp-block-heading\"><strong>RECHT AUF WIDERRUF DER DATENSCHUTZRECHTLICHEN EINWILLIGUNGSERKL\u00c4RUNG<\/strong><\/h4>\n\n\n\n<p>Sie haben das Recht, Ihre datenschutzrechtliche Einwilligungserkl\u00e4rung jederzeit zu widerrufen. Durch den Widerruf der Einwilligung wird die Rechtm\u00e4\u00dfigkeit der aufgrund der Einwilligung bis zum Widerruf erfolgten Verarbeitung nicht ber\u00fchrt.<\/p>\n\n\n\n<h4 class=\"wp-block-heading\"><strong>RECHT AUF BESCHWERDE BEI EINER AUFSICHTSBEH\u00d6RDE<\/strong><\/h4>\n\n\n\n<p>Unbeschadet eines anderweitigen verwaltungsrechtlichen oder gerichtlichen Rechtsbehelfs steht Ihnen das Recht auf Beschwerde bei einer Aufsichtsbeh\u00f6rde, insbesondere in dem Mitgliedstaat ihres Aufenthaltsorts, ihres Arbeitsplatzes oder des Orts des mutma\u00dflichen Versto\u00dfes, zu, wenn Sie der Ansicht sind, dass die Verarbeitung der Sie betreffenden personenbezogenen Daten gegen die DSGVO verst\u00f6\u00dft.<\/p>\n\n\n\n<p>Die Aufsichtsbeh\u00f6rde, bei der die Beschwerde eingereicht wurde, unterrichtet den Beschwerdef\u00fchrer \u00fcber den Stand und die Ergebnisse der Beschwerde einschlie\u00dflich der M\u00f6glichkeit eines gerichtlichen Rechtsbehelfs nach Art.&nbsp;78 DSGVO.<\/p>\n","protected":false},"excerpt":{"rendered":"<p>RECHTE DER BETROFFENEN PERSON Werden personenbezogene Daten von Ihnen verarbeitet, sind Sie Betroffener i.S.d. DSGVO und es stehen Ihnen folgende Rechte gegen\u00fcber dem Verantwortlichen zu: AUSKUNFSRECHT Sie k\u00f6nnen von dem Verantwortlichen eine Best\u00e4tigung dar\u00fcber verlangen, ob personenbezogene Daten, die Sie betreffen, von uns verarbeitet werden. Liegt eine solche Verarbeitung vor,&hellip; <\/p>\n","protected":false},"author":1,"featured_media":0,"parent":54,"menu_order":0,"comment_status":"closed","ping_status":"closed","template":"","meta":{"footnotes":""},"class_list":["post-59","page","type-page","status-publish","hentry"],"yoast_head":"<!-- This site is optimized with the Yoast SEO plugin v27.4 - https:\/\/yoast.com\/product\/yoast-seo-wordpress\/ -->\n<title>Ihre Rechte - Pfoten(T)Raum - Franca Oehlenberg<\/title>\n<meta name=\"description\" content=\"Hundephysio Hunde Pfoten(T)Raum - Franca Oehlenberg hundephysiotherapie Ihre Rechte\" \/>\n<meta name=\"robots\" content=\"noindex, nofollow\" \/>\n<meta property=\"og:locale\" content=\"de_DE\" \/>\n<meta property=\"og:type\" content=\"article\" \/>\n<meta property=\"og:title\" content=\"Ihre Rechte - Pfoten(T)Raum - Franca Oehlenberg\" \/>\n<meta property=\"og:description\" content=\"Hundephysio Hunde Pfoten(T)Raum - Franca Oehlenberg hundephysiotherapie Ihre Rechte\" \/>\n<meta property=\"og:url\" content=\"https:\/\/www.pfotenraum.de\/?page_id=59\" \/>\n<meta property=\"og:site_name\" content=\"Pfoten(T)Raum - Franca Oehlenberg\" \/>\n<meta property=\"article:modified_time\" content=\"2019-09-11T21:46:05+00:00\" \/>\n<meta name=\"twitter:card\" content=\"summary_large_image\" \/>\n<meta name=\"twitter:label1\" content=\"Gesch\u00e4tzte Lesezeit\" \/>\n\t<meta name=\"twitter:data1\" content=\"9\u00a0Minuten\" \/>\n<script type=\"application\/ld+json\" class=\"yoast-schema-graph\">{\"@context\":\"https:\\\/\\\/schema.org\",\"@graph\":[{\"@type\":\"WebPage\",\"@id\":\"https:\\\/\\\/www.pfotenraum.de\\\/?page_id=59\",\"url\":\"https:\\\/\\\/www.pfotenraum.de\\\/?page_id=59\",\"name\":\"Ihre Rechte - Pfoten(T)Raum - Franca Oehlenberg\",\"isPartOf\":{\"@id\":\"https:\\\/\\\/www.pfotenraum.de\\\/#website\"},\"datePublished\":\"2018-12-15T20:48:04+00:00\",\"dateModified\":\"2019-09-11T21:46:05+00:00\",\"description\":\"Hundephysio Hunde Pfoten(T)Raum - Franca Oehlenberg hundephysiotherapie Ihre Rechte\",\"breadcrumb\":{\"@id\":\"https:\\\/\\\/www.pfotenraum.de\\\/?page_id=59#breadcrumb\"},\"inLanguage\":\"de\",\"potentialAction\":[{\"@type\":\"ReadAction\",\"target\":[\"https:\\\/\\\/www.pfotenraum.de\\\/?page_id=59\"]}]},{\"@type\":\"BreadcrumbList\",\"@id\":\"https:\\\/\\\/www.pfotenraum.de\\\/?page_id=59#breadcrumb\",\"itemListElement\":[{\"@type\":\"ListItem\",\"position\":1,\"name\":\"Startseite\",\"item\":\"https:\\\/\\\/www.pfotenraum.de\\\/\"},{\"@type\":\"ListItem\",\"position\":2,\"name\":\"Impressum\",\"item\":\"https:\\\/\\\/www.pfotenraum.de\\\/?page_id=65\"},{\"@type\":\"ListItem\",\"position\":3,\"name\":\"Datenschutz\",\"item\":\"https:\\\/\\\/www.pfotenraum.de\\\/?page_id=54\"},{\"@type\":\"ListItem\",\"position\":4,\"name\":\"Ihre Rechte\"}]},{\"@type\":\"WebSite\",\"@id\":\"https:\\\/\\\/www.pfotenraum.de\\\/#website\",\"url\":\"https:\\\/\\\/www.pfotenraum.de\\\/\",\"name\":\"Pfoten(T)Raum - Franca Oehlenberg\",\"description\":\"Die Therapie f\u00fcr Deinen Hund\",\"publisher\":{\"@id\":\"https:\\\/\\\/www.pfotenraum.de\\\/#organization\"},\"potentialAction\":[{\"@type\":\"SearchAction\",\"target\":{\"@type\":\"EntryPoint\",\"urlTemplate\":\"https:\\\/\\\/www.pfotenraum.de\\\/?s={search_term_string}\"},\"query-input\":{\"@type\":\"PropertyValueSpecification\",\"valueRequired\":true,\"valueName\":\"search_term_string\"}}],\"inLanguage\":\"de\"},{\"@type\":\"Organization\",\"@id\":\"https:\\\/\\\/www.pfotenraum.de\\\/#organization\",\"name\":\"Pfoten(T)Raum - Franca Oehlenberg - Die Therapie f\u00fcr Ihren Hund\",\"url\":\"https:\\\/\\\/www.pfotenraum.de\\\/\",\"logo\":{\"@type\":\"ImageObject\",\"inLanguage\":\"de\",\"@id\":\"https:\\\/\\\/www.pfotenraum.de\\\/#\\\/schema\\\/logo\\\/image\\\/\",\"url\":\"https:\\\/\\\/www.pfotenraum.de\\\/wp-content\\\/uploads\\\/2018\\\/12\\\/Logo_nur_Hund.png\",\"contentUrl\":\"https:\\\/\\\/www.pfotenraum.de\\\/wp-content\\\/uploads\\\/2018\\\/12\\\/Logo_nur_Hund.png\",\"width\":256,\"height\":256,\"caption\":\"Pfoten(T)Raum - Franca Oehlenberg - Die Therapie f\u00fcr Ihren Hund\"},\"image\":{\"@id\":\"https:\\\/\\\/www.pfotenraum.de\\\/#\\\/schema\\\/logo\\\/image\\\/\"}}]}<\/script>\n<!-- \/ Yoast SEO plugin. -->","yoast_head_json":{"title":"Ihre Rechte - Pfoten(T)Raum - Franca Oehlenberg","description":"Hundephysio Hunde Pfoten(T)Raum - Franca Oehlenberg hundephysiotherapie Ihre Rechte","robots":{"index":"noindex","follow":"nofollow"},"og_locale":"de_DE","og_type":"article","og_title":"Ihre Rechte - Pfoten(T)Raum - Franca Oehlenberg","og_description":"Hundephysio Hunde Pfoten(T)Raum - Franca Oehlenberg hundephysiotherapie Ihre Rechte","og_url":"https:\/\/www.pfotenraum.de\/?page_id=59","og_site_name":"Pfoten(T)Raum - Franca Oehlenberg","article_modified_time":"2019-09-11T21:46:05+00:00","twitter_card":"summary_large_image","twitter_misc":{"Gesch\u00e4tzte Lesezeit":"9\u00a0Minuten"},"schema":{"@context":"https:\/\/schema.org","@graph":[{"@type":"WebPage","@id":"https:\/\/www.pfotenraum.de\/?page_id=59","url":"https:\/\/www.pfotenraum.de\/?page_id=59","name":"Ihre Rechte - Pfoten(T)Raum - Franca Oehlenberg","isPartOf":{"@id":"https:\/\/www.pfotenraum.de\/#website"},"datePublished":"2018-12-15T20:48:04+00:00","dateModified":"2019-09-11T21:46:05+00:00","description":"Hundephysio Hunde Pfoten(T)Raum - Franca Oehlenberg hundephysiotherapie Ihre Rechte","breadcrumb":{"@id":"https:\/\/www.pfotenraum.de\/?page_id=59#breadcrumb"},"inLanguage":"de","potentialAction":[{"@type":"ReadAction","target":["https:\/\/www.pfotenraum.de\/?page_id=59"]}]},{"@type":"BreadcrumbList","@id":"https:\/\/www.pfotenraum.de\/?page_id=59#breadcrumb","itemListElement":[{"@type":"ListItem","position":1,"name":"Startseite","item":"https:\/\/www.pfotenraum.de\/"},{"@type":"ListItem","position":2,"name":"Impressum","item":"https:\/\/www.pfotenraum.de\/?page_id=65"},{"@type":"ListItem","position":3,"name":"Datenschutz","item":"https:\/\/www.pfotenraum.de\/?page_id=54"},{"@type":"ListItem","position":4,"name":"Ihre Rechte"}]},{"@type":"WebSite","@id":"https:\/\/www.pfotenraum.de\/#website","url":"https:\/\/www.pfotenraum.de\/","name":"Pfoten(T)Raum - Franca Oehlenberg","description":"Die Therapie f\u00fcr Deinen Hund","publisher":{"@id":"https:\/\/www.pfotenraum.de\/#organization"},"potentialAction":[{"@type":"SearchAction","target":{"@type":"EntryPoint","urlTemplate":"https:\/\/www.pfotenraum.de\/?s={search_term_string}"},"query-input":{"@type":"PropertyValueSpecification","valueRequired":true,"valueName":"search_term_string"}}],"inLanguage":"de"},{"@type":"Organization","@id":"https:\/\/www.pfotenraum.de\/#organization","name":"Pfoten(T)Raum - Franca Oehlenberg - Die Therapie f\u00fcr Ihren Hund","url":"https:\/\/www.pfotenraum.de\/","logo":{"@type":"ImageObject","inLanguage":"de","@id":"https:\/\/www.pfotenraum.de\/#\/schema\/logo\/image\/","url":"https:\/\/www.pfotenraum.de\/wp-content\/uploads\/2018\/12\/Logo_nur_Hund.png","contentUrl":"https:\/\/www.pfotenraum.de\/wp-content\/uploads\/2018\/12\/Logo_nur_Hund.png","width":256,"height":256,"caption":"Pfoten(T)Raum - Franca Oehlenberg - Die Therapie f\u00fcr Ihren Hund"},"image":{"@id":"https:\/\/www.pfotenraum.de\/#\/schema\/logo\/image\/"}}]}},"_links":{"self":[{"href":"https:\/\/www.pfotenraum.de\/index.php?rest_route=\/wp\/v2\/pages\/59","targetHints":{"allow":["GET"]}}],"collection":[{"href":"https:\/\/www.pfotenraum.de\/index.php?rest_route=\/wp\/v2\/pages"}],"about":[{"href":"https:\/\/www.pfotenraum.de\/index.php?rest_route=\/wp\/v2\/types\/page"}],"author":[{"embeddable":true,"href":"https:\/\/www.pfotenraum.de\/index.php?rest_route=\/wp\/v2\/users\/1"}],"replies":[{"embeddable":true,"href":"https:\/\/www.pfotenraum.de\/index.php?rest_route=%2Fwp%2Fv2%2Fcomments&post=59"}],"version-history":[{"count":1,"href":"https:\/\/www.pfotenraum.de\/index.php?rest_route=\/wp\/v2\/pages\/59\/revisions"}],"predecessor-version":[{"id":60,"href":"https:\/\/www.pfotenraum.de\/index.php?rest_route=\/wp\/v2\/pages\/59\/revisions\/60"}],"up":[{"embeddable":true,"href":"https:\/\/www.pfotenraum.de\/index.php?rest_route=\/wp\/v2\/pages\/54"}],"wp:attachment":[{"href":"https:\/\/www.pfotenraum.de\/index.php?rest_route=%2Fwp%2Fv2%2Fmedia&parent=59"}],"curies":[{"name":"wp","href":"https:\/\/api.w.org\/{rel}","templated":true}]}}