{"id":56,"date":"2018-12-15T21:46:34","date_gmt":"2018-12-15T20:46:34","guid":{"rendered":"https:\/\/www.pfotenraum.de\/?page_id=56"},"modified":"2019-09-13T20:37:17","modified_gmt":"2019-09-13T18:37:17","slug":"detailinformationen-zu-der-datenerhebung","status":"publish","type":"page","link":"https:\/\/www.pfotenraum.de\/?page_id=56","title":{"rendered":"Detailinformationen zu der Datenerhebung"},"content":{"rendered":"\n<h3 class=\"wp-block-heading\">ALLGEMEINES<\/h3>\n\n\n\n<h4 class=\"wp-block-heading\">VERANTWORTLICHER<\/h4>\n\n\n\n<p>Der Verantwortliche im Sinne der Datenschutz-Grundverordnung und anderer nationaler Datenschutzgesetze der Mitgliedsstaaten sowie sonstiger datenschutzrechtlicher Bestimmungen ist&nbsp; Franca Oehlenberg, Frankfurter Stra\u00dfe 700, 51145 K\u00f6ln.<\/p>\n\n\n\n<h4 class=\"wp-block-heading\">UMFANG DER VERARBEITUNG PERSONENBEZOGENER DATEN<\/h4>\n\n\n\n<p>Wir verarbeiten personenbezogene Daten unserer Nutzer grunds\u00e4tzlich nur, soweit dies zur Bereitstellung einer funktionsf\u00e4higen Website sowie unserer Inhalte und Leistungen erforderlich ist. Die Verarbeitung personenbezogener Daten unserer Nutzer erfolgt regelm\u00e4\u00dfig nur nach Einwilligung des Nutzers. Eine Ausnahme gilt in solchen F\u00e4llen, in denen eine vorherige Einholung einer Einwilligung aus tats\u00e4chlichen Gr\u00fcnden nicht m\u00f6glich ist und die Verarbeitung der Daten durch gesetzliche Vorschriften gestattet ist.<\/p>\n\n\n\n<h4 class=\"wp-block-heading\">RECHTSGRUNDLAGE DER VERARBEITUNG PERSONENBEZOGENER DATEN<\/h4>\n\n\n\n<p>Soweit wir f\u00fcr Verarbeitungsvorg\u00e4nge personenbezogener Daten eine Einwilligung der betroffenen Person einholen, dient Art. 6 Abs. 1 lit. a EU-Datenschutzgrundverordnung (DSGVO) als Rechtsgrundlage.&nbsp;Bei der Verarbeitung von personenbezogenen Daten, die zur Erf\u00fcllung eines Vertrages, dessen Vertragspartei die betroffene Person ist, erforderlich ist, dient Art. 6 Abs. 1 lit. b DSGVO als Rechtsgrundlage. Dies gilt auch f\u00fcr Verarbeitungsvorg\u00e4nge, die zur Durchf\u00fchrung vorvertraglicher Ma\u00dfnahmen erforderlich sind.&nbsp;Soweit eine Verarbeitung personenbezogener Daten zur Erf\u00fcllung einer rechtlichen Verpflichtung erforderlich ist, der unser Unternehmen unterliegt, dient Art. 6 Abs. 1 lit. c DSGVO als Rechtsgrundlage.&nbsp;Ist die Verarbeitung zur Wahrung eines berechtigten Interesses unseres Unternehmens oder eines Dritten erforderlich und \u00fcberwiegen die Interessen, Grundrechte und Grundfreiheiten des Betroffenen das erstgenannte Interesse nicht, so dient Art. 6 Abs. 1 lit. f DSGVO als Rechtsgrundlage f\u00fcr die Verarbeitung.<\/p>\n\n\n\n<h4 class=\"wp-block-heading\">DATENL\u00d6SCHUNG UND SPEICHERUNGSDAUER<\/h4>\n\n\n\n<p>Die personenbezogenen Daten der betroffenen Person werden gel\u00f6scht oder gesperrt, sobald der Zweck der Speicherung entf\u00e4llt. Eine Speicherung kann dar\u00fcber hinaus erfolgen, wenn dies durch den europ\u00e4ischen oder nationalen Gesetzgeber in unionsrechtlichen Verordnungen, Gesetzen oder sonstigen Vorschriften, denen der Verantwortliche unterliegt, vorgesehen wurde. Eine Sperrung oder L\u00f6schung der Daten erfolgt auch dann, wenn eine durch die genannten Normen vorgeschriebene Speicherfrist abl\u00e4uft, es sei denn, dass eine Erforderlichkeit zur weiteren Speicherung der Daten f\u00fcr einen Vertragsabschluss oder eine Vertragserf\u00fcllung besteht.<\/p>\n\n\n\n<h3 class=\"wp-block-heading\">DETAILS DER DATENERHEBUNG<\/h3>\n\n\n\n<h4 class=\"wp-block-heading\">BEREITSTELLUNG DER WEBSEITE<\/h4>\n\n\n\n<h5 class=\"wp-block-heading\"><strong>I. BESCHREIBUNG UND UMFANG DER DATENVERARBEITUNG<\/strong><\/h5>\n\n\n\n<p>Bei jedem Aufruf unserer Internetseite erfasst unser System automatisiert Daten und Informationen vom Computersystem des aufrufenden Rechners.&nbsp;Folgende Daten werden hierbei erhoben:<\/p>\n\n\n\n<ul class=\"wp-block-list\"><li>(1)&nbsp;&nbsp;Informationen \u00fcber den Browsertyp und die verwendete Version<\/li><li>(2)&nbsp;&nbsp;Das Betriebssystem des Nutzers<\/li><li>(3)&nbsp;&nbsp;Den Internet-Service-Provider des Nutzers<\/li><li>(4)&nbsp;&nbsp;Die IP-Adresse des Nutzers<\/li><li>(5)&nbsp;&nbsp;Datum und Uhrzeit des Zugriffs<\/li><li>(6)&nbsp;&nbsp;Websites, von denen das System des Nutzers auf unsere Internetseite gelangt<\/li><li>(7)&nbsp;&nbsp;Websites, die vom System des Nutzers \u00fcber unsere Website aufgerufen werden<\/li><\/ul>\n\n\n\n<p>Die Daten werden ebenfalls in den Logfiles unseres Systems gespeichert. Eine Speicherung dieser Daten zusammen mit anderen personenbezogenen Daten des Nutzers findet nicht statt.<\/p>\n\n\n\n<h5 class=\"wp-block-heading\"><strong>II. RECHTSGRUNDLAGE &amp; ZWECK DER DATENVERARBEITUNG<\/strong><\/h5>\n\n\n\n<p>Rechtsgrundlage f\u00fcr die vor\u00fcbergehende Speicherung der Daten und der Logfiles ist Art.&nbsp;6 Abs.&nbsp;1 lit.&nbsp;f DSGVO.<\/p>\n\n\n\n<p>Die vor\u00fcbergehende Speicherung der IP-Adresse durch das System ist notwendig, um eine Auslieferung der Website an den Rechner des Nutzers zu erm\u00f6glichen. Hierf\u00fcr muss die IP-Adresse des Nutzers f\u00fcr die Dauer der Sitzung gespeichert bleiben.&nbsp;Die Speicherung in Logfiles erfolgt, um die Funktionsf\u00e4higkeit der Website sicherzustellen. Zudem dienen uns die Daten zur Optimierung der Website und zur Sicherstellung der Sicherheit unserer informationstechnischen Systeme. Eine Auswertung der Daten zu Marketingzwecken findet in diesem Zusammenhang nicht statt.<\/p>\n\n\n\n<h5 class=\"wp-block-heading\"><strong>III. DAUER DER SPEICHERUNG<\/strong><\/h5>\n\n\n\n<p>Die Daten werden gel\u00f6scht, sobald sie f\u00fcr die Erreichung des Zweckes ihrer Erhebung nicht mehr erforderlich sind. Im Falle der Erfassung der Daten zur Bereitstellung der Website ist dies der Fall, wenn die jeweilige Sitzung beendet ist.&nbsp;Im Falle der Speicherung der Daten in Logfiles ist dies nach sp\u00e4testens 60 Tagen der Fall. Eine dar\u00fcberhinausgehende Speicherung ist m\u00f6glich. In diesem Fall werden die IP-Adressen der Nutzer gel\u00f6scht oder verfremdet, sodass eine Zuordnung des aufrufenden Clients nicht mehr m\u00f6glich ist.<\/p>\n\n\n\n<h5 class=\"wp-block-heading\"><strong>IV. WIDERSPRUCHS- UND BESEITIGUNGSM\u00d6GLICHKEIT<\/strong><\/h5>\n\n\n\n<p>Die Erfassung der Daten zur Bereitstellung der Website und die Speicherung der Daten in Logfiles ist f\u00fcr den Betrieb der Internetseite zwingend erforderlich. Es besteht folglich seitens des Nutzers keine Widerspruchsm\u00f6glichkeit.<\/p>\n\n\n\n<h4 class=\"wp-block-heading\">KONTAKTFORMULAR<\/h4>\n\n\n\n<h5 class=\"wp-block-heading\"><strong>I. BESCHREIBUNG UND UMFANG DER DATENVERARBEITUNG<\/strong><\/h5>\n\n\n\n<p>Auf unserer Internetseite ist ein Kontaktformular vorhanden, welches f\u00fcr die elektronische Kontaktaufnahme genutzt werden kann. Nimmt ein Nutzer diese M\u00f6glichkeit wahr, so werden die in der Eingabemaske eingegeben Daten an uns \u00fcbermittelt und gespeichert. Diese Daten sind:<\/p>\n\n\n\n<ul class=\"wp-block-list\"><li>(1) Vor- und Nachname<\/li><li>(2) Telefonnummer<\/li><li>(3) EMail Addresse<\/li><li>(4) Ihre Nachricht<\/li><\/ul>\n\n\n\n<p>Im Zeitpunkt der Absendung der Nachricht werden zudem folgende Daten gespeichert:<\/p>\n\n\n\n<ul class=\"wp-block-list\"><li>(1) Die IP Adresse des Nutzers<\/li><li>(2) Datum und Uhrzeit der Versendung<\/li><\/ul>\n\n\n\n<p>F\u00fcr die Verarbeitung der Daten wird im Rahmen des Absendevorgangs Ihre Einwilligung eingeholt und auf diese Datenschutzerkl\u00e4rung verwiesen. Alternativ ist eine Kontaktaufnahme \u00fcber die bereitgestellte E-Mail-Adresse m\u00f6glich. In diesem Fall werden die mit der E-Mail \u00fcbermittelten personenbezogenen Daten des Nutzers gespeichert. Es erfolgt in diesem Zusammenhang keine Weitergabe der Daten an Dritte. Die Daten werden ausschlie\u00dflich f\u00fcr die Verarbeitung der Konversation verwendet.<\/p>\n\n\n\n<h5 class=\"wp-block-heading\"><strong>II. RECHTSGRUNDLAGE &amp; ZWECK DER DATENVERARBEITUNG<\/strong><\/h5>\n\n\n\n<p>Rechtsgrundlage f\u00fcr die Verarbeitung der Daten ist bei Vorliegen einer Einwilligung des Nutzers Art. 6 Abs. 1 lit. a DSGVO. Rechtsgrundlage f\u00fcr die Verarbeitung der Daten, die im Zuge einer \u00dcbersendung einer E-Mail \u00fcbermittelt werden, ist Art. 6 Abs. 1 lit. f DSGVO. Zielt der E-Mail-Kontakt auf den Abschluss eines Vertrages ab, so ist zus\u00e4tzliche Rechtsgrundlage f\u00fcr die Verarbeitung Art. 6 Abs. 1 lit. b DSGVO. Die Verarbeitung der personenbezogenen Daten aus der Eingabemaske dient uns allein zur Bearbeitung der Kontaktaufnahme. Im Falle einer Kontaktaufnahme per E-Mail liegt hieran auch das erforderliche berechtigte Interesse an der Verarbeitung der Daten. Die sonstigen w\u00e4hrend des Absendevorgangs verarbeiteten personenbezogenen Daten dienen dazu, einen Missbrauch des Kontaktformulars zu verhindern und die Sicherheit unserer informationstechnischen Systeme sicherzustellen. Die Daten werden gel\u00f6scht, sobald sie f\u00fcr die Erreichung des Zweckes ihrer Erhebung nicht mehr erforderlich sind. F\u00fcr die personenbezogenen Daten aus der Eingabemaske des Kontaktformulars und diejenigen, die per E-Mail \u00fcbersandt wurden, ist dies dann der Fall, wenn die jeweilige Konversation mit dem Nutzer beendet ist. Beendet ist die Konversation dann, wenn sich aus den Umst\u00e4nden entnehmen l\u00e4sst, dass der betroffene Sachverhalt abschlie\u00dfend gekl\u00e4rt ist. Die w\u00e4hrend des Absendevorgangs zus\u00e4tzlich erhobenen personenbezogenen Daten werden sp\u00e4testens nach einer Frist von 60 Tagen gel\u00f6scht.<\/p>\n\n\n\n<h5 class=\"wp-block-heading\"><strong>III. WIDERSPRUCHS- UND BESEITIGUNGSM\u00d6GLICHKEIT<\/strong><\/h5>\n\n\n\n<p>Der Nutzer hat jederzeit die M\u00f6glichkeit, seine Einwilligung zur Verarbeitung der personenbezogenen Daten zu widerrufen. Nimmt der Nutzer per E-Mail Kontakt mit uns auf, so kann er der Speicherung seiner personenbezogenen Daten jederzeit widersprechen. In einem solchen Fall kann die Konversation nicht fortgef\u00fchrt werden. Um die Einwilligung zu widerrufen senden Sie uns eine formlose EMail an <a href=\"mailto:info@pfotenraum.de\">info@pfotenraum.de<\/a> Alle personenbezogenen Daten, die im Zuge der Kontaktaufnahme gespeichert wurden, werden in diesem Fall gel\u00f6scht.<\/p>\n\n\n\n<h4 class=\"wp-block-heading\">Webseiten Statistik<\/h4>\n\n\n\n<h5 class=\"wp-block-heading\"><strong>I. BESCHREIBUNG UND UMFANG DER DATENVERARBEITUNG<\/strong><\/h5>\n\n\n\n<p>Wir verwenden auf unserer Webseite ein Tool, welches die Anzahl der Zugriff und Benutzer z\u00e4hlt und auswertet. Hierbei werden folgende Daten erhobenen. Diese Daten werden vollst\u00e4ndig anonymisiert auf unseren Webserver gespeichert. Eine pers\u00f6nliche Identifizierung eines Besuchers ist somit, auch nachtr\u00e4glich, nicht m\u00f6glich. <\/p>\n\n\n\n<ul class=\"wp-block-list\"><li>(1) anonymisierte IP-Adressen<\/li><li>(2) Browser Hersteller<\/li><li>(3) Betriebssystem<\/li><li>(4) Land<\/li><li>(5) Suchbegriff wenn der Zugriff \u00fcber eine Suchmaschine erfolgt<\/li><li>(6) Anzahl der Seitenzugriffe<\/li><\/ul>\n\n\n\n<p>Wir ben\u00f6tigen die anonymisierte Daten um unseren Internetauftritt und unsere Dienstleistungen zu verbessern und Angriffe auf unseren Server rechtzeitig zu erkennen. <\/p>\n\n\n\n<h5 class=\"wp-block-heading\"><strong>II. RECHTSGRUNDLAGE &amp; ZWECK DER DATENVERARBEITUNG<\/strong><\/h5>\n\n\n\n<p>Rechtsgrundlage f\u00fcr die vor\u00fcbergehende Speicherung der Daten  ist Art.\u00a06 Abs.\u00a01 lit.\u00a0f DSGVO.<\/p>\n\n\n\n<p>Die Daten dienen zur Optimierung der Website und unseren Dienstleistungen sowie zur Sicherstellung der Sicherheit unserer informationstechnischen Systeme. Wir f\u00fchren Auswertungen durch um festzustellen, welche Dienstleistungen von uns besonders oft aufgerufen werden. Alle gesammelten Daten \u00fcber die Webseiten Statistik werden nach 90 Tagen gel\u00f6scht.<\/p>\n\n\n\n<h5 class=\"wp-block-heading\"><strong>III. WIDERSPRUCHS- UND BESEITIGUNGSM\u00d6GLICHKEIT<\/strong><\/h5>\n\n\n\n<p>Die Erfassung der Daten zur Webseiten Statistik erfolgt vollst\u00e4ndig anonymisiert. Ein R\u00fcckschluss auf den einzelnen Benutzer ist zur keiner Zeit m\u00f6glich. Daher besteht folglich seitens des Nutzers keine Widerspruchsm\u00f6glichkeit.<\/p>\n\n\n\n<h4 class=\"wp-block-heading\">SSL-VERSCHL\u00dcSSELUNG<\/h4>\n\n\n\n<p>Um die Sicherheit Ihrer Daten bei der \u00dcbertragung zu sch\u00fctzen, verwenden wir dem aktuellen Stand der Technik entsprechende Verschl\u00fcsselungsverfahren (z. B. SSL) \u00fcber HTTPS.<\/p>\n","protected":false},"excerpt":{"rendered":"<p>ALLGEMEINES VERANTWORTLICHER Der Verantwortliche im Sinne der Datenschutz-Grundverordnung und anderer nationaler Datenschutzgesetze der Mitgliedsstaaten sowie sonstiger datenschutzrechtlicher Bestimmungen ist&nbsp; Franca Oehlenberg, Frankfurter Stra\u00dfe 700, 51145 K\u00f6ln. UMFANG DER VERARBEITUNG PERSONENBEZOGENER DATEN Wir verarbeiten personenbezogene Daten unserer Nutzer grunds\u00e4tzlich nur, soweit dies zur Bereitstellung einer funktionsf\u00e4higen Website sowie unserer Inhalte und&hellip; <\/p>\n","protected":false},"author":1,"featured_media":0,"parent":54,"menu_order":0,"comment_status":"closed","ping_status":"closed","template":"","meta":{"footnotes":""},"class_list":["post-56","page","type-page","status-publish","hentry"],"yoast_head":"<!-- This site is optimized with the Yoast SEO plugin v27.4 - https:\/\/yoast.com\/product\/yoast-seo-wordpress\/ -->\n<title>Detailinformationen zu der Datenerhebung - Pfoten(T)Raum - Franca Oehlenberg<\/title>\n<meta name=\"description\" content=\"Hundephysio Hunde Pfoten(T)Raum - Franca Oehlenberg hundephysiotherapie Detailinformationen zu der Datenerhebung\" \/>\n<meta name=\"robots\" content=\"noindex, nofollow\" \/>\n<meta property=\"og:locale\" content=\"de_DE\" \/>\n<meta property=\"og:type\" content=\"article\" \/>\n<meta property=\"og:title\" content=\"Detailinformationen zu der Datenerhebung - Pfoten(T)Raum - Franca Oehlenberg\" \/>\n<meta property=\"og:description\" content=\"Hundephysio Hunde Pfoten(T)Raum - Franca Oehlenberg hundephysiotherapie Detailinformationen zu der Datenerhebung\" \/>\n<meta property=\"og:url\" content=\"https:\/\/www.pfotenraum.de\/?page_id=56\" \/>\n<meta property=\"og:site_name\" content=\"Pfoten(T)Raum - Franca Oehlenberg\" \/>\n<meta property=\"article:modified_time\" content=\"2019-09-13T18:37:17+00:00\" \/>\n<meta name=\"twitter:card\" content=\"summary_large_image\" \/>\n<meta name=\"twitter:label1\" content=\"Gesch\u00e4tzte Lesezeit\" \/>\n\t<meta name=\"twitter:data1\" content=\"7\u00a0Minuten\" \/>\n<script type=\"application\/ld+json\" class=\"yoast-schema-graph\">{\"@context\":\"https:\\\/\\\/schema.org\",\"@graph\":[{\"@type\":\"WebPage\",\"@id\":\"https:\\\/\\\/www.pfotenraum.de\\\/?page_id=56\",\"url\":\"https:\\\/\\\/www.pfotenraum.de\\\/?page_id=56\",\"name\":\"Detailinformationen zu der Datenerhebung - Pfoten(T)Raum - Franca Oehlenberg\",\"isPartOf\":{\"@id\":\"https:\\\/\\\/www.pfotenraum.de\\\/#website\"},\"datePublished\":\"2018-12-15T20:46:34+00:00\",\"dateModified\":\"2019-09-13T18:37:17+00:00\",\"description\":\"Hundephysio Hunde Pfoten(T)Raum - Franca Oehlenberg hundephysiotherapie Detailinformationen zu der Datenerhebung\",\"breadcrumb\":{\"@id\":\"https:\\\/\\\/www.pfotenraum.de\\\/?page_id=56#breadcrumb\"},\"inLanguage\":\"de\",\"potentialAction\":[{\"@type\":\"ReadAction\",\"target\":[\"https:\\\/\\\/www.pfotenraum.de\\\/?page_id=56\"]}]},{\"@type\":\"BreadcrumbList\",\"@id\":\"https:\\\/\\\/www.pfotenraum.de\\\/?page_id=56#breadcrumb\",\"itemListElement\":[{\"@type\":\"ListItem\",\"position\":1,\"name\":\"Startseite\",\"item\":\"https:\\\/\\\/www.pfotenraum.de\\\/\"},{\"@type\":\"ListItem\",\"position\":2,\"name\":\"Impressum\",\"item\":\"https:\\\/\\\/www.pfotenraum.de\\\/?page_id=65\"},{\"@type\":\"ListItem\",\"position\":3,\"name\":\"Datenschutz\",\"item\":\"https:\\\/\\\/www.pfotenraum.de\\\/?page_id=54\"},{\"@type\":\"ListItem\",\"position\":4,\"name\":\"Detailinformationen zu der Datenerhebung\"}]},{\"@type\":\"WebSite\",\"@id\":\"https:\\\/\\\/www.pfotenraum.de\\\/#website\",\"url\":\"https:\\\/\\\/www.pfotenraum.de\\\/\",\"name\":\"Pfoten(T)Raum - Franca Oehlenberg\",\"description\":\"Die Therapie f\u00fcr Deinen Hund\",\"publisher\":{\"@id\":\"https:\\\/\\\/www.pfotenraum.de\\\/#organization\"},\"potentialAction\":[{\"@type\":\"SearchAction\",\"target\":{\"@type\":\"EntryPoint\",\"urlTemplate\":\"https:\\\/\\\/www.pfotenraum.de\\\/?s={search_term_string}\"},\"query-input\":{\"@type\":\"PropertyValueSpecification\",\"valueRequired\":true,\"valueName\":\"search_term_string\"}}],\"inLanguage\":\"de\"},{\"@type\":\"Organization\",\"@id\":\"https:\\\/\\\/www.pfotenraum.de\\\/#organization\",\"name\":\"Pfoten(T)Raum - Franca Oehlenberg - Die Therapie f\u00fcr Ihren Hund\",\"url\":\"https:\\\/\\\/www.pfotenraum.de\\\/\",\"logo\":{\"@type\":\"ImageObject\",\"inLanguage\":\"de\",\"@id\":\"https:\\\/\\\/www.pfotenraum.de\\\/#\\\/schema\\\/logo\\\/image\\\/\",\"url\":\"https:\\\/\\\/www.pfotenraum.de\\\/wp-content\\\/uploads\\\/2018\\\/12\\\/Logo_nur_Hund.png\",\"contentUrl\":\"https:\\\/\\\/www.pfotenraum.de\\\/wp-content\\\/uploads\\\/2018\\\/12\\\/Logo_nur_Hund.png\",\"width\":256,\"height\":256,\"caption\":\"Pfoten(T)Raum - Franca Oehlenberg - Die Therapie f\u00fcr Ihren Hund\"},\"image\":{\"@id\":\"https:\\\/\\\/www.pfotenraum.de\\\/#\\\/schema\\\/logo\\\/image\\\/\"}}]}<\/script>\n<!-- \/ Yoast SEO plugin. -->","yoast_head_json":{"title":"Detailinformationen zu der Datenerhebung - Pfoten(T)Raum - Franca Oehlenberg","description":"Hundephysio Hunde Pfoten(T)Raum - Franca Oehlenberg hundephysiotherapie Detailinformationen zu der Datenerhebung","robots":{"index":"noindex","follow":"nofollow"},"og_locale":"de_DE","og_type":"article","og_title":"Detailinformationen zu der Datenerhebung - Pfoten(T)Raum - Franca Oehlenberg","og_description":"Hundephysio Hunde Pfoten(T)Raum - Franca Oehlenberg hundephysiotherapie Detailinformationen zu der Datenerhebung","og_url":"https:\/\/www.pfotenraum.de\/?page_id=56","og_site_name":"Pfoten(T)Raum - Franca Oehlenberg","article_modified_time":"2019-09-13T18:37:17+00:00","twitter_card":"summary_large_image","twitter_misc":{"Gesch\u00e4tzte Lesezeit":"7\u00a0Minuten"},"schema":{"@context":"https:\/\/schema.org","@graph":[{"@type":"WebPage","@id":"https:\/\/www.pfotenraum.de\/?page_id=56","url":"https:\/\/www.pfotenraum.de\/?page_id=56","name":"Detailinformationen zu der Datenerhebung - Pfoten(T)Raum - Franca Oehlenberg","isPartOf":{"@id":"https:\/\/www.pfotenraum.de\/#website"},"datePublished":"2018-12-15T20:46:34+00:00","dateModified":"2019-09-13T18:37:17+00:00","description":"Hundephysio Hunde Pfoten(T)Raum - Franca Oehlenberg hundephysiotherapie Detailinformationen zu der Datenerhebung","breadcrumb":{"@id":"https:\/\/www.pfotenraum.de\/?page_id=56#breadcrumb"},"inLanguage":"de","potentialAction":[{"@type":"ReadAction","target":["https:\/\/www.pfotenraum.de\/?page_id=56"]}]},{"@type":"BreadcrumbList","@id":"https:\/\/www.pfotenraum.de\/?page_id=56#breadcrumb","itemListElement":[{"@type":"ListItem","position":1,"name":"Startseite","item":"https:\/\/www.pfotenraum.de\/"},{"@type":"ListItem","position":2,"name":"Impressum","item":"https:\/\/www.pfotenraum.de\/?page_id=65"},{"@type":"ListItem","position":3,"name":"Datenschutz","item":"https:\/\/www.pfotenraum.de\/?page_id=54"},{"@type":"ListItem","position":4,"name":"Detailinformationen zu der Datenerhebung"}]},{"@type":"WebSite","@id":"https:\/\/www.pfotenraum.de\/#website","url":"https:\/\/www.pfotenraum.de\/","name":"Pfoten(T)Raum - Franca Oehlenberg","description":"Die Therapie f\u00fcr Deinen Hund","publisher":{"@id":"https:\/\/www.pfotenraum.de\/#organization"},"potentialAction":[{"@type":"SearchAction","target":{"@type":"EntryPoint","urlTemplate":"https:\/\/www.pfotenraum.de\/?s={search_term_string}"},"query-input":{"@type":"PropertyValueSpecification","valueRequired":true,"valueName":"search_term_string"}}],"inLanguage":"de"},{"@type":"Organization","@id":"https:\/\/www.pfotenraum.de\/#organization","name":"Pfoten(T)Raum - Franca Oehlenberg - Die Therapie f\u00fcr Ihren Hund","url":"https:\/\/www.pfotenraum.de\/","logo":{"@type":"ImageObject","inLanguage":"de","@id":"https:\/\/www.pfotenraum.de\/#\/schema\/logo\/image\/","url":"https:\/\/www.pfotenraum.de\/wp-content\/uploads\/2018\/12\/Logo_nur_Hund.png","contentUrl":"https:\/\/www.pfotenraum.de\/wp-content\/uploads\/2018\/12\/Logo_nur_Hund.png","width":256,"height":256,"caption":"Pfoten(T)Raum - Franca Oehlenberg - Die Therapie f\u00fcr Ihren Hund"},"image":{"@id":"https:\/\/www.pfotenraum.de\/#\/schema\/logo\/image\/"}}]}},"_links":{"self":[{"href":"https:\/\/www.pfotenraum.de\/index.php?rest_route=\/wp\/v2\/pages\/56","targetHints":{"allow":["GET"]}}],"collection":[{"href":"https:\/\/www.pfotenraum.de\/index.php?rest_route=\/wp\/v2\/pages"}],"about":[{"href":"https:\/\/www.pfotenraum.de\/index.php?rest_route=\/wp\/v2\/types\/page"}],"author":[{"embeddable":true,"href":"https:\/\/www.pfotenraum.de\/index.php?rest_route=\/wp\/v2\/users\/1"}],"replies":[{"embeddable":true,"href":"https:\/\/www.pfotenraum.de\/index.php?rest_route=%2Fwp%2Fv2%2Fcomments&post=56"}],"version-history":[{"count":3,"href":"https:\/\/www.pfotenraum.de\/index.php?rest_route=\/wp\/v2\/pages\/56\/revisions"}],"predecessor-version":[{"id":542,"href":"https:\/\/www.pfotenraum.de\/index.php?rest_route=\/wp\/v2\/pages\/56\/revisions\/542"}],"up":[{"embeddable":true,"href":"https:\/\/www.pfotenraum.de\/index.php?rest_route=\/wp\/v2\/pages\/54"}],"wp:attachment":[{"href":"https:\/\/www.pfotenraum.de\/index.php?rest_route=%2Fwp%2Fv2%2Fmedia&parent=56"}],"curies":[{"name":"wp","href":"https:\/\/api.w.org\/{rel}","templated":true}]}}