{"id":54,"date":"2018-12-15T21:44:50","date_gmt":"2018-12-15T20:44:50","guid":{"rendered":"https:\/\/www.pfotenraum.de\/?page_id=54"},"modified":"2019-09-13T20:21:20","modified_gmt":"2019-09-13T18:21:20","slug":"datenschutzinformationen","status":"publish","type":"page","link":"https:\/\/www.pfotenraum.de\/?page_id=54","title":{"rendered":"Datenschutz"},"content":{"rendered":"\n<h3 class=\"wp-block-heading\">ZUSAMMENFASSUNG<\/h3>\n\n\n\n<p>Pfoten(T)Raum nimmt den Schutz personenbezogener Daten sehr ernst. Wir haben technische und organisatorische Ma\u00dfnahmen getroffen, die sicherstellen, dass die Vorschriften \u00fcber den Datenschutz von uns und von externen Dienstleistern beachtet werden. Diese Webseite sammelt nur so viele personenbezogene Daten wie unbedingt notwendig.In folgenden Bereichen erheben wir personenbezogene Daten:<\/p>\n\n\n\n<ul class=\"wp-block-list\"><li><strong>Bereitstellung der Webseite<\/strong><\/li><\/ul>\n\n\n\n<p>Wir protokollieren den Zugriff auf unsere Webseite um unbefugte Zugriffe oder Angriffe auf die Seite bzw. den Server zu erkennen. Hierbei wird u.a. Ihre IP-Adresse gespeichert. Die Daten werden sp\u00e4testens nach 60 Tage automatisch gel\u00f6scht. Da diese Speicherung f\u00fcr uns zwingend erforderlich ist, besteht kein Widerspruchsrecht.<\/p>\n\n\n\n<ul class=\"wp-block-list\"><li><strong>Kontaktformular<\/strong><\/li><\/ul>\n\n\n\n<p>Falls Sie mit den Kontaktformular Kontakt zu uns aufnehmen, speichern wir f\u00fcr diese Kommunikation personenbezogene Daten (z.B. Ihre Email Adresse). Diese werden von uns solange gespeichert, wie der Kontakt besteht. Sie haben zus\u00e4tzlich die M\u00f6glichkeit uns per Email formlos mitzuteilen, das Sie die Daten gel\u00f6scht haben m\u00f6chten. Ab diesem Zeitpunkt k\u00f6nnen wir jedoch nicht mehr mit Ihnen kommunizieren.<\/p>\n\n\n\n<ul class=\"wp-block-list\"><li><strong>Webseiten Statistik<\/strong><\/li><\/ul>\n\n\n\n<p>Diese Webseite verwendet ein Tool, um z.B. die Anzahl der t\u00e4glichen Besucher zu ermitteln. Hierbei werden einige Daten aus deinen Browser (z.B. Browser Version, Betriebssystem) ermittelt. Au\u00dferdem ermitteln wir \u00fcber die \u00f6ffentliche IP Adresse Dein Land. Die erhobenen Daten werden vollst\u00e4ndig anonymisiert auf unseren Webserver gespeichert. Eine pers\u00f6nliche Identifizierung eines Besuchers ist somit, auch nachtr\u00e4glich, nicht m\u00f6glich. Wir ben\u00f6tigen diese Daten um unsere Webseite stetig zu verbessern.<\/p>\n\n\n\n<p>Die genaueren Details, welche personenbezogenen Daten wir wann und wie erheben, sowie den Zweck und Ihre Rechte finden Sie hier:<\/p>\n\n\n\n<ul class=\"wp-block-list\"><li><a href=\"https:\/\/www.pfotenraum.de\/?page_id=56\">Detailinformationen zu der Datenerhebung<\/a><\/li><li><a href=\"https:\/\/www.pfotenraum.de\/?page_id=59\">Ihre Rechte<\/a><\/li><\/ul>\n\n\n\n<p>Wir behalten uns vor, diese Datenschutzerkl\u00e4rung gelegentlich anzupassen, damit sie den aktuellen rechtlichen Anforderungen entspricht oder um \u00c4nderungen unserer Leistungen in der Datenschutzerkl\u00e4rung umzusetzen. F\u00fcr Ihren erneuten Besuch gilt die jeweile g\u00fcltige Fassung. Wir \u00fcbernehmen keine Verantwortung f\u00fcr die Inhalte von externen&nbsp;Websites, auf die von uns&nbsp;verlinkt wurde. F\u00fcr weitere Fragen stehen wir Ihnen gerne unter der Email&nbsp;<a href=\"mailto:info@pfotenraum.de\">info@pfotenraum.de<\/a>&nbsp;zur Verf\u00fcgung.<\/p>\n","protected":false},"excerpt":{"rendered":"<p>ZUSAMMENFASSUNG Pfoten(T)Raum nimmt den Schutz personenbezogener Daten sehr ernst. Wir haben technische und organisatorische Ma\u00dfnahmen getroffen, die sicherstellen, dass die Vorschriften \u00fcber den Datenschutz von uns und von externen Dienstleistern beachtet werden. Diese Webseite sammelt nur so viele personenbezogene Daten wie unbedingt notwendig.In folgenden Bereichen erheben wir personenbezogene Daten: Bereitstellung&hellip; <\/p>\n","protected":false},"author":1,"featured_media":0,"parent":65,"menu_order":1,"comment_status":"closed","ping_status":"closed","template":"","meta":{"footnotes":""},"class_list":["post-54","page","type-page","status-publish","hentry"],"yoast_head":"<!-- This site is optimized with the Yoast SEO plugin v27.4 - https:\/\/yoast.com\/product\/yoast-seo-wordpress\/ -->\n<title>Datenschutz - Pfoten(T)Raum - Franca Oehlenberg<\/title>\n<meta name=\"description\" content=\"Hundephysio Hunde Pfoten(T)Raum - Franca Oehlenberg hundephysiotherapie Datenschutz\" \/>\n<meta name=\"robots\" content=\"noindex, nofollow\" \/>\n<meta property=\"og:locale\" content=\"de_DE\" \/>\n<meta property=\"og:type\" content=\"article\" \/>\n<meta property=\"og:title\" content=\"Datenschutz - Pfoten(T)Raum - Franca Oehlenberg\" \/>\n<meta property=\"og:description\" content=\"Hundephysio Hunde Pfoten(T)Raum - Franca Oehlenberg hundephysiotherapie Datenschutz\" \/>\n<meta property=\"og:url\" content=\"https:\/\/www.pfotenraum.de\/?page_id=54\" \/>\n<meta property=\"og:site_name\" content=\"Pfoten(T)Raum - Franca Oehlenberg\" \/>\n<meta property=\"article:modified_time\" content=\"2019-09-13T18:21:20+00:00\" \/>\n<meta name=\"twitter:card\" content=\"summary_large_image\" \/>\n<meta name=\"twitter:label1\" content=\"Gesch\u00e4tzte Lesezeit\" \/>\n\t<meta name=\"twitter:data1\" content=\"2\u00a0Minuten\" \/>\n<script type=\"application\/ld+json\" class=\"yoast-schema-graph\">{\"@context\":\"https:\\\/\\\/schema.org\",\"@graph\":[{\"@type\":\"WebPage\",\"@id\":\"https:\\\/\\\/www.pfotenraum.de\\\/?page_id=54\",\"url\":\"https:\\\/\\\/www.pfotenraum.de\\\/?page_id=54\",\"name\":\"Datenschutz - Pfoten(T)Raum - Franca Oehlenberg\",\"isPartOf\":{\"@id\":\"https:\\\/\\\/www.pfotenraum.de\\\/#website\"},\"datePublished\":\"2018-12-15T20:44:50+00:00\",\"dateModified\":\"2019-09-13T18:21:20+00:00\",\"description\":\"Hundephysio Hunde Pfoten(T)Raum - Franca Oehlenberg hundephysiotherapie Datenschutz\",\"breadcrumb\":{\"@id\":\"https:\\\/\\\/www.pfotenraum.de\\\/?page_id=54#breadcrumb\"},\"inLanguage\":\"de\",\"potentialAction\":[{\"@type\":\"ReadAction\",\"target\":[\"https:\\\/\\\/www.pfotenraum.de\\\/?page_id=54\"]}]},{\"@type\":\"BreadcrumbList\",\"@id\":\"https:\\\/\\\/www.pfotenraum.de\\\/?page_id=54#breadcrumb\",\"itemListElement\":[{\"@type\":\"ListItem\",\"position\":1,\"name\":\"Startseite\",\"item\":\"https:\\\/\\\/www.pfotenraum.de\\\/\"},{\"@type\":\"ListItem\",\"position\":2,\"name\":\"Impressum\",\"item\":\"https:\\\/\\\/www.pfotenraum.de\\\/?page_id=65\"},{\"@type\":\"ListItem\",\"position\":3,\"name\":\"Datenschutz\"}]},{\"@type\":\"WebSite\",\"@id\":\"https:\\\/\\\/www.pfotenraum.de\\\/#website\",\"url\":\"https:\\\/\\\/www.pfotenraum.de\\\/\",\"name\":\"Pfoten(T)Raum - Franca Oehlenberg\",\"description\":\"Die Therapie f\u00fcr Deinen Hund\",\"publisher\":{\"@id\":\"https:\\\/\\\/www.pfotenraum.de\\\/#organization\"},\"potentialAction\":[{\"@type\":\"SearchAction\",\"target\":{\"@type\":\"EntryPoint\",\"urlTemplate\":\"https:\\\/\\\/www.pfotenraum.de\\\/?s={search_term_string}\"},\"query-input\":{\"@type\":\"PropertyValueSpecification\",\"valueRequired\":true,\"valueName\":\"search_term_string\"}}],\"inLanguage\":\"de\"},{\"@type\":\"Organization\",\"@id\":\"https:\\\/\\\/www.pfotenraum.de\\\/#organization\",\"name\":\"Pfoten(T)Raum - Franca Oehlenberg - Die Therapie f\u00fcr Ihren Hund\",\"url\":\"https:\\\/\\\/www.pfotenraum.de\\\/\",\"logo\":{\"@type\":\"ImageObject\",\"inLanguage\":\"de\",\"@id\":\"https:\\\/\\\/www.pfotenraum.de\\\/#\\\/schema\\\/logo\\\/image\\\/\",\"url\":\"https:\\\/\\\/www.pfotenraum.de\\\/wp-content\\\/uploads\\\/2018\\\/12\\\/Logo_nur_Hund.png\",\"contentUrl\":\"https:\\\/\\\/www.pfotenraum.de\\\/wp-content\\\/uploads\\\/2018\\\/12\\\/Logo_nur_Hund.png\",\"width\":256,\"height\":256,\"caption\":\"Pfoten(T)Raum - Franca Oehlenberg - Die Therapie f\u00fcr Ihren Hund\"},\"image\":{\"@id\":\"https:\\\/\\\/www.pfotenraum.de\\\/#\\\/schema\\\/logo\\\/image\\\/\"}}]}<\/script>\n<!-- \/ Yoast SEO plugin. -->","yoast_head_json":{"title":"Datenschutz - Pfoten(T)Raum - Franca Oehlenberg","description":"Hundephysio Hunde Pfoten(T)Raum - Franca Oehlenberg hundephysiotherapie Datenschutz","robots":{"index":"noindex","follow":"nofollow"},"og_locale":"de_DE","og_type":"article","og_title":"Datenschutz - Pfoten(T)Raum - Franca Oehlenberg","og_description":"Hundephysio Hunde Pfoten(T)Raum - Franca Oehlenberg hundephysiotherapie Datenschutz","og_url":"https:\/\/www.pfotenraum.de\/?page_id=54","og_site_name":"Pfoten(T)Raum - Franca Oehlenberg","article_modified_time":"2019-09-13T18:21:20+00:00","twitter_card":"summary_large_image","twitter_misc":{"Gesch\u00e4tzte Lesezeit":"2\u00a0Minuten"},"schema":{"@context":"https:\/\/schema.org","@graph":[{"@type":"WebPage","@id":"https:\/\/www.pfotenraum.de\/?page_id=54","url":"https:\/\/www.pfotenraum.de\/?page_id=54","name":"Datenschutz - Pfoten(T)Raum - Franca Oehlenberg","isPartOf":{"@id":"https:\/\/www.pfotenraum.de\/#website"},"datePublished":"2018-12-15T20:44:50+00:00","dateModified":"2019-09-13T18:21:20+00:00","description":"Hundephysio Hunde Pfoten(T)Raum - Franca Oehlenberg hundephysiotherapie Datenschutz","breadcrumb":{"@id":"https:\/\/www.pfotenraum.de\/?page_id=54#breadcrumb"},"inLanguage":"de","potentialAction":[{"@type":"ReadAction","target":["https:\/\/www.pfotenraum.de\/?page_id=54"]}]},{"@type":"BreadcrumbList","@id":"https:\/\/www.pfotenraum.de\/?page_id=54#breadcrumb","itemListElement":[{"@type":"ListItem","position":1,"name":"Startseite","item":"https:\/\/www.pfotenraum.de\/"},{"@type":"ListItem","position":2,"name":"Impressum","item":"https:\/\/www.pfotenraum.de\/?page_id=65"},{"@type":"ListItem","position":3,"name":"Datenschutz"}]},{"@type":"WebSite","@id":"https:\/\/www.pfotenraum.de\/#website","url":"https:\/\/www.pfotenraum.de\/","name":"Pfoten(T)Raum - Franca Oehlenberg","description":"Die Therapie f\u00fcr Deinen Hund","publisher":{"@id":"https:\/\/www.pfotenraum.de\/#organization"},"potentialAction":[{"@type":"SearchAction","target":{"@type":"EntryPoint","urlTemplate":"https:\/\/www.pfotenraum.de\/?s={search_term_string}"},"query-input":{"@type":"PropertyValueSpecification","valueRequired":true,"valueName":"search_term_string"}}],"inLanguage":"de"},{"@type":"Organization","@id":"https:\/\/www.pfotenraum.de\/#organization","name":"Pfoten(T)Raum - Franca Oehlenberg - Die Therapie f\u00fcr Ihren Hund","url":"https:\/\/www.pfotenraum.de\/","logo":{"@type":"ImageObject","inLanguage":"de","@id":"https:\/\/www.pfotenraum.de\/#\/schema\/logo\/image\/","url":"https:\/\/www.pfotenraum.de\/wp-content\/uploads\/2018\/12\/Logo_nur_Hund.png","contentUrl":"https:\/\/www.pfotenraum.de\/wp-content\/uploads\/2018\/12\/Logo_nur_Hund.png","width":256,"height":256,"caption":"Pfoten(T)Raum - Franca Oehlenberg - Die Therapie f\u00fcr Ihren Hund"},"image":{"@id":"https:\/\/www.pfotenraum.de\/#\/schema\/logo\/image\/"}}]}},"_links":{"self":[{"href":"https:\/\/www.pfotenraum.de\/index.php?rest_route=\/wp\/v2\/pages\/54","targetHints":{"allow":["GET"]}}],"collection":[{"href":"https:\/\/www.pfotenraum.de\/index.php?rest_route=\/wp\/v2\/pages"}],"about":[{"href":"https:\/\/www.pfotenraum.de\/index.php?rest_route=\/wp\/v2\/types\/page"}],"author":[{"embeddable":true,"href":"https:\/\/www.pfotenraum.de\/index.php?rest_route=\/wp\/v2\/users\/1"}],"replies":[{"embeddable":true,"href":"https:\/\/www.pfotenraum.de\/index.php?rest_route=%2Fwp%2Fv2%2Fcomments&post=54"}],"version-history":[{"count":9,"href":"https:\/\/www.pfotenraum.de\/index.php?rest_route=\/wp\/v2\/pages\/54\/revisions"}],"predecessor-version":[{"id":540,"href":"https:\/\/www.pfotenraum.de\/index.php?rest_route=\/wp\/v2\/pages\/54\/revisions\/540"}],"up":[{"embeddable":true,"href":"https:\/\/www.pfotenraum.de\/index.php?rest_route=\/wp\/v2\/pages\/65"}],"wp:attachment":[{"href":"https:\/\/www.pfotenraum.de\/index.php?rest_route=%2Fwp%2Fv2%2Fmedia&parent=54"}],"curies":[{"name":"wp","href":"https:\/\/api.w.org\/{rel}","templated":true}]}}