{"id":42,"date":"2018-12-15T21:31:33","date_gmt":"2018-12-15T20:31:33","guid":{"rendered":"https:\/\/www.pfotenraum.de\/?page_id=42"},"modified":"2019-09-13T22:43:34","modified_gmt":"2019-09-13T20:43:34","slug":"kosten","status":"publish","type":"page","link":"https:\/\/www.pfotenraum.de\/?page_id=42","title":{"rendered":"<i class=\"fa fa-credit-card\"><\/i> Kosten"},"content":{"rendered":"\n<p>Wir haben einfache transparente Preise f\u00fcr die Behandlung Ihres Hundes. Egal ob einfache Physiotherapie oder eine ger\u00e4teunterst\u00fctzte Therapie notwendig ist, es gibt nur einen <!--more-->Preis. Das erlaubt uns auch, innerhalb der Behandlung die bestm\u00f6gliche Therapieform zu w\u00e4hlen, ohne dass wir uns um die Kosten Sorgen machen m\u00fcssen.<\/p>\n\n\n<style>#kt-layout-id_8c22d0-b8 > .kt-row-column-wrap{align-content:start;}:where(#kt-layout-id_8c22d0-b8 > .kt-row-column-wrap) > .wp-block-kadence-column{justify-content:start;}#kt-layout-id_8c22d0-b8 > .kt-row-column-wrap{column-gap:var(--global-kb-gap-md, 2rem);row-gap:var(--global-kb-gap-md, 2rem);padding-top:var( --global-kb-row-default-top, 25px );padding-bottom:var( --global-kb-row-default-bottom, 25px );padding-bottom:20px;grid-template-columns:repeat(2, minmax(0, 1fr));}#kt-layout-id_8c22d0-b8 > .kt-row-layout-overlay{opacity:0.30;}@media all and (max-width: 1024px){#kt-layout-id_8c22d0-b8 > .kt-row-column-wrap{grid-template-columns:repeat(2, minmax(0, 1fr));}}@media all and (max-width: 767px){#kt-layout-id_8c22d0-b8 > .kt-row-column-wrap{grid-template-columns:minmax(0, 1fr);}}<\/style>\n<div class=\"wp-block-kadence-rowlayout alignnone\"><div id=\"kt-layout-id_8c22d0-b8\" class=\"kt-row-layout-inner  kt-layout-id_8c22d0-b8\"><div class=\"kt-row-column-wrap kt-has-2-columns kt-gutter-default kt-v-gutter-default kt-row-valign-top kt-row-layout-equal kt-tab-layout-inherit kt-m-colapse-left-to-right kt-mobile-layout-row\"><style>.kadence-column_78e1a7-94 > .kt-inside-inner-col{border-top-width:0px;border-right-width:0px;border-bottom-width:0px;border-left-width:0px;}.kadence-column_78e1a7-94 > .kt-inside-inner-col,.kadence-column_78e1a7-94 > .kt-inside-inner-col:before{border-top-left-radius:0px;border-top-right-radius:0px;border-bottom-right-radius:0px;border-bottom-left-radius:0px;}.kadence-column_78e1a7-94 > .kt-inside-inner-col{column-gap:var(--global-kb-gap-sm, 1rem);}.kadence-column_78e1a7-94 > .kt-inside-inner-col{flex-direction:column;}.kadence-column_78e1a7-94 > .kt-inside-inner-col > .aligncenter{width:100%;}.kadence-column_78e1a7-94 > .kt-inside-inner-col:before{opacity:0.3;}.kadence-column_78e1a7-94{position:relative;}@media all and (max-width: 1024px){.kadence-column_78e1a7-94 > .kt-inside-inner-col{flex-direction:column;justify-content:center;}}@media all and (max-width: 767px){.kadence-column_78e1a7-94 > .kt-inside-inner-col{flex-direction:column;justify-content:center;}}<\/style>\n<div class=\"wp-block-kadence-column inner-column-1 kadence-column_78e1a7-94\"><div class=\"kt-inside-inner-col\">\n<p>Wir unterscheiden nur zwischen Erst- und Folgetermin. Im Ersttermin wird die Befundung durchgef\u00fchrt. Hier erf\u00e4hrt der Therapeut die Vorgeschichte des Hundes und kann durch gezielte Fragen wichtige zus\u00e4tzliche Hinweise und Informationen gewinnen. Nach der anschlie\u00dfenden k\u00f6rperlichen Untersuchung und Besprechung der Ergebnisse mit dem Besitzer wird ein Therapieplan erstellt und die Erstbehandlung durchgef\u00fchrt.<\/p>\n<\/div><\/div>\n\n\n<style>.kadence-column_159393-84 > .kt-inside-inner-col{border-top-width:0px;border-right-width:0px;border-bottom-width:0px;border-left-width:0px;}.kadence-column_159393-84 > .kt-inside-inner-col,.kadence-column_159393-84 > .kt-inside-inner-col:before{border-top-left-radius:0px;border-top-right-radius:0px;border-bottom-right-radius:0px;border-bottom-left-radius:0px;}.kadence-column_159393-84 > .kt-inside-inner-col{column-gap:var(--global-kb-gap-sm, 1rem);}.kadence-column_159393-84 > .kt-inside-inner-col{flex-direction:column;}.kadence-column_159393-84 > .kt-inside-inner-col > .aligncenter{width:100%;}.kadence-column_159393-84 > .kt-inside-inner-col:before{opacity:0.3;}.kadence-column_159393-84{position:relative;}@media all and (max-width: 1024px){.kadence-column_159393-84 > .kt-inside-inner-col{flex-direction:column;justify-content:center;}}@media all and (max-width: 767px){.kadence-column_159393-84 > .kt-inside-inner-col{flex-direction:column;justify-content:center;}}<\/style>\n<div class=\"wp-block-kadence-column inner-column-2 kadence-column_159393-84\"><div class=\"kt-inside-inner-col\">\n<table class=\"wp-block-table aligncenter\"><tbody><tr><td><strong>Terminart<\/strong><\/td><td><strong>Preis<\/strong><\/td><\/tr><tr><td>Ersttermin inkl. Anamnese (ca. 60-90min)<\/td><td>60\u20ac<\/td><\/tr><tr><td>Folgetermin (ca. 30-45min)<\/td><td>35\u20ac<\/td><\/tr><\/tbody><\/table>\n<\/div><\/div>\n<\/div><\/div><\/div>\n\n\n<style>#kt-layout-id_7d8a73-45 > .kt-row-column-wrap{align-content:start;}:where(#kt-layout-id_7d8a73-45 > .kt-row-column-wrap) > .wp-block-kadence-column{justify-content:start;}#kt-layout-id_7d8a73-45 > .kt-row-column-wrap{column-gap:var(--global-kb-gap-md, 2rem);row-gap:var(--global-kb-gap-md, 2rem);padding-top:var( --global-kb-row-default-top, 25px );padding-bottom:var( --global-kb-row-default-bottom, 25px );padding-top:var(--global-kb-spacing-sm, 1.5rem);padding-bottom:var(--global-kb-spacing-sm, 1.5rem);grid-template-columns:minmax(0, calc(40% - ((var(--global-kb-gap-md, 2rem) * 1 )\/2)))minmax(0, calc(60% - ((var(--global-kb-gap-md, 2rem) * 1 )\/2)));}#kt-layout-id_7d8a73-45 > .kt-row-layout-overlay{opacity:0.30;}@media all and (max-width: 1024px){#kt-layout-id_7d8a73-45 > .kt-row-column-wrap{grid-template-columns:repeat(2, minmax(0, 1fr));}}@media all and (max-width: 767px){#kt-layout-id_7d8a73-45 > .kt-row-column-wrap{grid-template-columns:minmax(0, 1fr);}}<\/style>\n<div class=\"wp-block-kadence-rowlayout alignnone\"><div id=\"kt-layout-id_7d8a73-45\" class=\"kt-row-layout-inner  kt-layout-id_7d8a73-45\"><div class=\"kt-row-column-wrap kt-has-2-columns kt-gutter-default kt-v-gutter-default kt-row-valign-top kt-row-layout-equal kt-tab-layout-inherit kt-m-colapse-left-to-right kt-mobile-layout-row kt-custom-first-width-40 kt-custom-second-width-60\"><style>.kadence-column_6aed4c-b6 > .kt-inside-inner-col{border-top-width:0px;border-right-width:0px;border-bottom-width:0px;border-left-width:0px;}.kadence-column_6aed4c-b6 > .kt-inside-inner-col,.kadence-column_6aed4c-b6 > .kt-inside-inner-col:before{border-top-left-radius:0px;border-top-right-radius:0px;border-bottom-right-radius:0px;border-bottom-left-radius:0px;}.kadence-column_6aed4c-b6 > .kt-inside-inner-col{column-gap:var(--global-kb-gap-sm, 1rem);}.kadence-column_6aed4c-b6 > .kt-inside-inner-col{flex-direction:column;}.kadence-column_6aed4c-b6 > .kt-inside-inner-col > .aligncenter{width:100%;}.kadence-column_6aed4c-b6 > .kt-inside-inner-col:before{opacity:0.3;}.kadence-column_6aed4c-b6{position:relative;}@media all and (max-width: 1024px){.kadence-column_6aed4c-b6 > .kt-inside-inner-col{flex-direction:column;justify-content:center;}}@media all and (max-width: 767px){.kadence-column_6aed4c-b6 > .kt-inside-inner-col{flex-direction:column;justify-content:center;}}<\/style>\n<div class=\"wp-block-kadence-column inner-column-1 kadence-column_6aed4c-b6\"><div class=\"kt-inside-inner-col\">\n<p>Zus\u00e4tzlich zu den Behandlungskosten fallen je nach Entfernung noch Fahrtkosten an: Kostenfrei ist die Anfahrt bis zu einer Entfernung von 25km ab Porz.<\/p>\n\n\n\n<p><\/p>\n<\/div><\/div>\n\n\n<style>.kadence-column_1b6182-f8 > .kt-inside-inner-col{border-top-width:0px;border-right-width:0px;border-bottom-width:0px;border-left-width:0px;}.kadence-column_1b6182-f8 > .kt-inside-inner-col,.kadence-column_1b6182-f8 > .kt-inside-inner-col:before{border-top-left-radius:0px;border-top-right-radius:0px;border-bottom-right-radius:0px;border-bottom-left-radius:0px;}.kadence-column_1b6182-f8 > .kt-inside-inner-col{column-gap:var(--global-kb-gap-sm, 1rem);}.kadence-column_1b6182-f8 > .kt-inside-inner-col{flex-direction:column;}.kadence-column_1b6182-f8 > .kt-inside-inner-col > .aligncenter{width:100%;}.kadence-column_1b6182-f8 > .kt-inside-inner-col:before{opacity:0.3;}.kadence-column_1b6182-f8{position:relative;}@media all and (max-width: 1024px){.kadence-column_1b6182-f8 > .kt-inside-inner-col{flex-direction:column;justify-content:center;}}@media all and (max-width: 767px){.kadence-column_1b6182-f8 > .kt-inside-inner-col{flex-direction:column;justify-content:center;}}<\/style>\n<div class=\"wp-block-kadence-column inner-column-2 kadence-column_1b6182-f8\"><div class=\"kt-inside-inner-col\">\n<div class=\"wp-block-image\"><figure class=\"aligncenter is-resized\"><a href=\"https:\/\/www.pfotenraum.de\/wp-content\/uploads\/2019\/09\/EntfernungPorz.png\"><img loading=\"lazy\" decoding=\"async\" src=\"https:\/\/www.pfotenraum.de\/wp-content\/uploads\/2019\/09\/EntfernungPorz-1024x564.png\" alt=\"\" class=\"wp-image-273\" width=\"512\" height=\"282\" srcset=\"https:\/\/www.pfotenraum.de\/wp-content\/uploads\/2019\/09\/EntfernungPorz-1024x564.png 1024w, https:\/\/www.pfotenraum.de\/wp-content\/uploads\/2019\/09\/EntfernungPorz-300x165.png 300w, https:\/\/www.pfotenraum.de\/wp-content\/uploads\/2019\/09\/EntfernungPorz-768x423.png 768w\" sizes=\"auto, (max-width: 512px) 100vw, 512px\" \/><\/a><figcaption><a rel=\"noreferrer noopener\" target=\"_blank\" href=\"http:\/\/www.openstreetmap.org\/\">Karte hergestellt aus OpenStreetMap-Daten<\/a>&nbsp;| Lizenz:&nbsp;<a rel=\"noreferrer noopener\" target=\"_blank\" href=\"http:\/\/opendatacommons.org\/licenses\/odbl\/\">Open Database License (ODbL)<\/a><\/figcaption><\/figure><\/div>\n\n\n\n<p><\/p>\n<\/div><\/div>\n<\/div><\/div><\/div>\n\n\n\n<p>Dar\u00fcberhinaus gelten folgende Preise. Gerechnet wird der einfache Weg (laut Routenplaner) von 51145 K\u00f6ln, Porz:<br>\n<table class=\"wp-block-table aligncenter is-style-regular\"><tbody><tr><td><strong>Entfernung<\/strong><\/td><td><strong>Preis<\/strong><\/td><\/tr><tr><td>bis 25km<\/td><td>kostenfrei<\/td><\/tr><tr><td>bis 35km<\/td><td>8\u20ac pauschal<\/td><\/tr><tr><td>jeder weitere km<\/td><td>0,60\u20ac<\/td><\/tr><\/tbody><\/table><\/p>\n\n\n\n<p style=\"text-align:center\"><\/p>\n\n\n\n<p style=\"text-align:center\"><\/p>\n<br><br>\n\n\n\n<p style=\"text-align:center\"><em>Die oben genannten Preise sind g\u00fcltig ab dem 1. Sept. 2019. Wir akzeptieren Bar- und Kartenzahlungen.<\/em><\/p>\n\n\n\n<div class=\"wp-block-image\"><figure class=\"aligncenter is-resized\"><img loading=\"lazy\" decoding=\"async\" src=\"https:\/\/www.pfotenraum.de\/wp-content\/uploads\/2019\/09\/kartenzahlung-1024x70.png\" alt=\"\" class=\"wp-image-560\" width=\"512\" height=\"35\" srcset=\"https:\/\/www.pfotenraum.de\/wp-content\/uploads\/2019\/09\/kartenzahlung-1024x70.png 1024w, https:\/\/www.pfotenraum.de\/wp-content\/uploads\/2019\/09\/kartenzahlung-300x20.png 300w, https:\/\/www.pfotenraum.de\/wp-content\/uploads\/2019\/09\/kartenzahlung-768x52.png 768w, https:\/\/www.pfotenraum.de\/wp-content\/uploads\/2019\/09\/kartenzahlung.png 1348w\" sizes=\"auto, (max-width: 512px) 100vw, 512px\" \/><\/figure><\/div>\n","protected":false},"excerpt":{"rendered":"<p>Wir haben einfache transparente Preise f\u00fcr die Behandlung Ihres Hundes. Egal ob einfache Physiotherapie oder eine ger\u00e4teunterst\u00fctzte Therapie notwendig ist, es gibt nur einen<\/p>\n","protected":false},"author":1,"featured_media":0,"parent":7,"menu_order":4,"comment_status":"closed","ping_status":"closed","template":"","meta":{"footnotes":""},"class_list":["post-42","page","type-page","status-publish","hentry"],"yoast_head":"<!-- This site is optimized with the Yoast SEO plugin v27.4 - https:\/\/yoast.com\/product\/yoast-seo-wordpress\/ -->\n<title>Kosten - Pfoten(T)Raum - Franca Oehlenberg<\/title>\n<meta name=\"description\" content=\"Hundephysio Hunde Pfoten(T)Raum - Franca Oehlenberg hundephysiotherapie  Kosten\" \/>\n<meta name=\"robots\" content=\"noindex, nofollow\" \/>\n<meta property=\"og:locale\" content=\"de_DE\" \/>\n<meta property=\"og:type\" content=\"article\" \/>\n<meta property=\"og:title\" content=\"Kosten - Pfoten(T)Raum - Franca Oehlenberg\" \/>\n<meta property=\"og:description\" content=\"Hundephysio Hunde Pfoten(T)Raum - Franca Oehlenberg hundephysiotherapie  Kosten\" \/>\n<meta property=\"og:url\" content=\"https:\/\/www.pfotenraum.de\/?page_id=42\" \/>\n<meta property=\"og:site_name\" content=\"Pfoten(T)Raum - Franca Oehlenberg\" \/>\n<meta property=\"article:modified_time\" content=\"2019-09-13T20:43:34+00:00\" \/>\n<meta property=\"og:image\" content=\"https:\/\/www.pfotenraum.de\/wp-content\/uploads\/2019\/09\/EntfernungPorz-1024x564.png\" \/>\n<meta name=\"twitter:card\" content=\"summary_large_image\" \/>\n<meta name=\"twitter:label1\" content=\"Gesch\u00e4tzte Lesezeit\" \/>\n\t<meta name=\"twitter:data1\" content=\"1\u00a0Minute\" \/>\n<script type=\"application\/ld+json\" class=\"yoast-schema-graph\">{\"@context\":\"https:\\\/\\\/schema.org\",\"@graph\":[{\"@type\":\"WebPage\",\"@id\":\"https:\\\/\\\/www.pfotenraum.de\\\/?page_id=42\",\"url\":\"https:\\\/\\\/www.pfotenraum.de\\\/?page_id=42\",\"name\":\"Kosten - Pfoten(T)Raum - Franca Oehlenberg\",\"isPartOf\":{\"@id\":\"https:\\\/\\\/www.pfotenraum.de\\\/#website\"},\"primaryImageOfPage\":{\"@id\":\"https:\\\/\\\/www.pfotenraum.de\\\/?page_id=42#primaryimage\"},\"image\":{\"@id\":\"https:\\\/\\\/www.pfotenraum.de\\\/?page_id=42#primaryimage\"},\"thumbnailUrl\":\"https:\\\/\\\/www.pfotenraum.de\\\/wp-content\\\/uploads\\\/2019\\\/09\\\/EntfernungPorz-1024x564.png\",\"datePublished\":\"2018-12-15T20:31:33+00:00\",\"dateModified\":\"2019-09-13T20:43:34+00:00\",\"description\":\"Hundephysio Hunde Pfoten(T)Raum - Franca Oehlenberg hundephysiotherapie Kosten\",\"breadcrumb\":{\"@id\":\"https:\\\/\\\/www.pfotenraum.de\\\/?page_id=42#breadcrumb\"},\"inLanguage\":\"de\",\"potentialAction\":[{\"@type\":\"ReadAction\",\"target\":[\"https:\\\/\\\/www.pfotenraum.de\\\/?page_id=42\"]}]},{\"@type\":\"ImageObject\",\"inLanguage\":\"de\",\"@id\":\"https:\\\/\\\/www.pfotenraum.de\\\/?page_id=42#primaryimage\",\"url\":\"https:\\\/\\\/www.pfotenraum.de\\\/wp-content\\\/uploads\\\/2019\\\/09\\\/EntfernungPorz.png\",\"contentUrl\":\"https:\\\/\\\/www.pfotenraum.de\\\/wp-content\\\/uploads\\\/2019\\\/09\\\/EntfernungPorz.png\",\"width\":3200,\"height\":1764},{\"@type\":\"BreadcrumbList\",\"@id\":\"https:\\\/\\\/www.pfotenraum.de\\\/?page_id=42#breadcrumb\",\"itemListElement\":[{\"@type\":\"ListItem\",\"position\":1,\"name\":\"Startseite\",\"item\":\"https:\\\/\\\/www.pfotenraum.de\\\/\"},{\"@type\":\"ListItem\",\"position\":2,\"name\":\"Startseite\",\"item\":\"https:\\\/\\\/www.pfotenraum.de\\\/\"},{\"@type\":\"ListItem\",\"position\":3,\"name\":\"Kosten\"}]},{\"@type\":\"WebSite\",\"@id\":\"https:\\\/\\\/www.pfotenraum.de\\\/#website\",\"url\":\"https:\\\/\\\/www.pfotenraum.de\\\/\",\"name\":\"Pfoten(T)Raum - Franca Oehlenberg\",\"description\":\"Die Therapie f\u00fcr Deinen Hund\",\"publisher\":{\"@id\":\"https:\\\/\\\/www.pfotenraum.de\\\/#organization\"},\"potentialAction\":[{\"@type\":\"SearchAction\",\"target\":{\"@type\":\"EntryPoint\",\"urlTemplate\":\"https:\\\/\\\/www.pfotenraum.de\\\/?s={search_term_string}\"},\"query-input\":{\"@type\":\"PropertyValueSpecification\",\"valueRequired\":true,\"valueName\":\"search_term_string\"}}],\"inLanguage\":\"de\"},{\"@type\":\"Organization\",\"@id\":\"https:\\\/\\\/www.pfotenraum.de\\\/#organization\",\"name\":\"Pfoten(T)Raum - Franca Oehlenberg - Die Therapie f\u00fcr Ihren Hund\",\"url\":\"https:\\\/\\\/www.pfotenraum.de\\\/\",\"logo\":{\"@type\":\"ImageObject\",\"inLanguage\":\"de\",\"@id\":\"https:\\\/\\\/www.pfotenraum.de\\\/#\\\/schema\\\/logo\\\/image\\\/\",\"url\":\"https:\\\/\\\/www.pfotenraum.de\\\/wp-content\\\/uploads\\\/2018\\\/12\\\/Logo_nur_Hund.png\",\"contentUrl\":\"https:\\\/\\\/www.pfotenraum.de\\\/wp-content\\\/uploads\\\/2018\\\/12\\\/Logo_nur_Hund.png\",\"width\":256,\"height\":256,\"caption\":\"Pfoten(T)Raum - Franca Oehlenberg - Die Therapie f\u00fcr Ihren Hund\"},\"image\":{\"@id\":\"https:\\\/\\\/www.pfotenraum.de\\\/#\\\/schema\\\/logo\\\/image\\\/\"}}]}<\/script>\n<!-- \/ Yoast SEO plugin. -->","yoast_head_json":{"title":"Kosten - Pfoten(T)Raum - Franca Oehlenberg","description":"Hundephysio Hunde Pfoten(T)Raum - Franca Oehlenberg hundephysiotherapie  Kosten","robots":{"index":"noindex","follow":"nofollow"},"og_locale":"de_DE","og_type":"article","og_title":"Kosten - Pfoten(T)Raum - Franca Oehlenberg","og_description":"Hundephysio Hunde Pfoten(T)Raum - Franca Oehlenberg hundephysiotherapie  Kosten","og_url":"https:\/\/www.pfotenraum.de\/?page_id=42","og_site_name":"Pfoten(T)Raum - Franca Oehlenberg","article_modified_time":"2019-09-13T20:43:34+00:00","og_image":[{"url":"https:\/\/www.pfotenraum.de\/wp-content\/uploads\/2019\/09\/EntfernungPorz-1024x564.png","type":"","width":"","height":""}],"twitter_card":"summary_large_image","twitter_misc":{"Gesch\u00e4tzte Lesezeit":"1\u00a0Minute"},"schema":{"@context":"https:\/\/schema.org","@graph":[{"@type":"WebPage","@id":"https:\/\/www.pfotenraum.de\/?page_id=42","url":"https:\/\/www.pfotenraum.de\/?page_id=42","name":"Kosten - Pfoten(T)Raum - Franca Oehlenberg","isPartOf":{"@id":"https:\/\/www.pfotenraum.de\/#website"},"primaryImageOfPage":{"@id":"https:\/\/www.pfotenraum.de\/?page_id=42#primaryimage"},"image":{"@id":"https:\/\/www.pfotenraum.de\/?page_id=42#primaryimage"},"thumbnailUrl":"https:\/\/www.pfotenraum.de\/wp-content\/uploads\/2019\/09\/EntfernungPorz-1024x564.png","datePublished":"2018-12-15T20:31:33+00:00","dateModified":"2019-09-13T20:43:34+00:00","description":"Hundephysio Hunde Pfoten(T)Raum - Franca Oehlenberg hundephysiotherapie Kosten","breadcrumb":{"@id":"https:\/\/www.pfotenraum.de\/?page_id=42#breadcrumb"},"inLanguage":"de","potentialAction":[{"@type":"ReadAction","target":["https:\/\/www.pfotenraum.de\/?page_id=42"]}]},{"@type":"ImageObject","inLanguage":"de","@id":"https:\/\/www.pfotenraum.de\/?page_id=42#primaryimage","url":"https:\/\/www.pfotenraum.de\/wp-content\/uploads\/2019\/09\/EntfernungPorz.png","contentUrl":"https:\/\/www.pfotenraum.de\/wp-content\/uploads\/2019\/09\/EntfernungPorz.png","width":3200,"height":1764},{"@type":"BreadcrumbList","@id":"https:\/\/www.pfotenraum.de\/?page_id=42#breadcrumb","itemListElement":[{"@type":"ListItem","position":1,"name":"Startseite","item":"https:\/\/www.pfotenraum.de\/"},{"@type":"ListItem","position":2,"name":"Startseite","item":"https:\/\/www.pfotenraum.de\/"},{"@type":"ListItem","position":3,"name":"Kosten"}]},{"@type":"WebSite","@id":"https:\/\/www.pfotenraum.de\/#website","url":"https:\/\/www.pfotenraum.de\/","name":"Pfoten(T)Raum - Franca Oehlenberg","description":"Die Therapie f\u00fcr Deinen Hund","publisher":{"@id":"https:\/\/www.pfotenraum.de\/#organization"},"potentialAction":[{"@type":"SearchAction","target":{"@type":"EntryPoint","urlTemplate":"https:\/\/www.pfotenraum.de\/?s={search_term_string}"},"query-input":{"@type":"PropertyValueSpecification","valueRequired":true,"valueName":"search_term_string"}}],"inLanguage":"de"},{"@type":"Organization","@id":"https:\/\/www.pfotenraum.de\/#organization","name":"Pfoten(T)Raum - Franca Oehlenberg - Die Therapie f\u00fcr Ihren Hund","url":"https:\/\/www.pfotenraum.de\/","logo":{"@type":"ImageObject","inLanguage":"de","@id":"https:\/\/www.pfotenraum.de\/#\/schema\/logo\/image\/","url":"https:\/\/www.pfotenraum.de\/wp-content\/uploads\/2018\/12\/Logo_nur_Hund.png","contentUrl":"https:\/\/www.pfotenraum.de\/wp-content\/uploads\/2018\/12\/Logo_nur_Hund.png","width":256,"height":256,"caption":"Pfoten(T)Raum - Franca Oehlenberg - Die Therapie f\u00fcr Ihren Hund"},"image":{"@id":"https:\/\/www.pfotenraum.de\/#\/schema\/logo\/image\/"}}]}},"_links":{"self":[{"href":"https:\/\/www.pfotenraum.de\/index.php?rest_route=\/wp\/v2\/pages\/42","targetHints":{"allow":["GET"]}}],"collection":[{"href":"https:\/\/www.pfotenraum.de\/index.php?rest_route=\/wp\/v2\/pages"}],"about":[{"href":"https:\/\/www.pfotenraum.de\/index.php?rest_route=\/wp\/v2\/types\/page"}],"author":[{"embeddable":true,"href":"https:\/\/www.pfotenraum.de\/index.php?rest_route=\/wp\/v2\/users\/1"}],"replies":[{"embeddable":true,"href":"https:\/\/www.pfotenraum.de\/index.php?rest_route=%2Fwp%2Fv2%2Fcomments&post=42"}],"version-history":[{"count":33,"href":"https:\/\/www.pfotenraum.de\/index.php?rest_route=\/wp\/v2\/pages\/42\/revisions"}],"predecessor-version":[{"id":565,"href":"https:\/\/www.pfotenraum.de\/index.php?rest_route=\/wp\/v2\/pages\/42\/revisions\/565"}],"up":[{"embeddable":true,"href":"https:\/\/www.pfotenraum.de\/index.php?rest_route=\/wp\/v2\/pages\/7"}],"wp:attachment":[{"href":"https:\/\/www.pfotenraum.de\/index.php?rest_route=%2Fwp%2Fv2%2Fmedia&parent=42"}],"curies":[{"name":"wp","href":"https:\/\/api.w.org\/{rel}","templated":true}]}}