{"id":38,"date":"2018-12-15T21:31:09","date_gmt":"2018-12-15T20:31:09","guid":{"rendered":"https:\/\/www.pfotenraum.de\/?page_id=38"},"modified":"2019-09-13T17:57:52","modified_gmt":"2019-09-13T15:57:52","slug":"mobilepraxis","status":"publish","type":"page","link":"https:\/\/www.pfotenraum.de\/?page_id=38","title":{"rendered":"<i class=\"fa fa-car\"><\/i> Mobile Praxis"},"content":{"rendered":"\n<p>Pfoten(T)Raum hat eine mobile Praxis. Damit die Fellnasen keinen zus\u00e4tzlichen Stress durch lange Autofahrten und eine fremde Umgebung bekommen, kommen wir zu Ihnen nach<!--more--> Hause. So lernen wir Ihren Liebling in seinem gewohnten Umfeld kennen und k\u00f6nnen noch gezielter auf ihn eingehen. In unserer mobilen Praxis haben wir alles dabei, was wir f\u00fcr die Behandlung Ihres Hundes ben\u00f6tigen.<\/p>\n\n\n\n<!--more-->\n\n\n<style>#kt-layout-id_44d5ba-de > .kt-row-column-wrap{align-content:start;}:where(#kt-layout-id_44d5ba-de > .kt-row-column-wrap) > .wp-block-kadence-column{justify-content:start;}#kt-layout-id_44d5ba-de > .kt-row-column-wrap{column-gap:var(--global-kb-gap-md, 2rem);row-gap:var(--global-kb-gap-md, 2rem);padding-top:var( --global-kb-row-default-top, 25px );padding-bottom:var( --global-kb-row-default-bottom, 25px );padding-top:var(--global-kb-spacing-sm, 1.5rem);padding-bottom:var(--global-kb-spacing-sm, 1.5rem);grid-template-columns:repeat(2, minmax(0, 1fr));}#kt-layout-id_44d5ba-de > .kt-row-layout-overlay{opacity:0.30;}@media all and (max-width: 1024px){#kt-layout-id_44d5ba-de > .kt-row-column-wrap{grid-template-columns:repeat(2, minmax(0, 1fr));}}@media all and (max-width: 767px){#kt-layout-id_44d5ba-de > .kt-row-column-wrap{grid-template-columns:minmax(0, 1fr);}}<\/style>\n<div class=\"wp-block-kadence-rowlayout alignnone\"><div id=\"kt-layout-id_44d5ba-de\" class=\"kt-row-layout-inner  kt-layout-id_44d5ba-de\"><div class=\"kt-row-column-wrap kt-has-2-columns kt-gutter-default kt-v-gutter-default kt-row-valign-top kt-row-layout-equal kt-tab-layout-inherit kt-m-colapse-left-to-right kt-mobile-layout-row\"><style>.kadence-column_f013da-5e > .kt-inside-inner-col{border-top-width:0px;border-right-width:0px;border-bottom-width:0px;border-left-width:0px;}.kadence-column_f013da-5e > .kt-inside-inner-col,.kadence-column_f013da-5e > .kt-inside-inner-col:before{border-top-left-radius:0px;border-top-right-radius:0px;border-bottom-right-radius:0px;border-bottom-left-radius:0px;}.kadence-column_f013da-5e > .kt-inside-inner-col{column-gap:var(--global-kb-gap-sm, 1rem);}.kadence-column_f013da-5e > .kt-inside-inner-col{flex-direction:column;}.kadence-column_f013da-5e > .kt-inside-inner-col > .aligncenter{width:100%;}.kadence-column_f013da-5e > .kt-inside-inner-col:before{opacity:0.3;}.kadence-column_f013da-5e{position:relative;}@media all and (max-width: 1024px){.kadence-column_f013da-5e > .kt-inside-inner-col{flex-direction:column;justify-content:center;}}@media all and (max-width: 767px){.kadence-column_f013da-5e > .kt-inside-inner-col{flex-direction:column;justify-content:center;}}<\/style>\n<div class=\"wp-block-kadence-column inner-column-1 kadence-column_f013da-5e\"><div class=\"kt-inside-inner-col\">\n<p>Die Anfahrt bis zu 25km ist bei uns kostenfrei. Mehr erfahren Sie auf unserer Preisliste unter <a href=\"https:\/\/www.pfotenraum.de\/?page_id=42\">Kosten<\/a>.<br><br><br><br><br><br><\/p>\n\n\n\n<p><br><br><br><\/p>\n<\/div><\/div>\n\n\n<style>.kadence-column_65fb5b-9d > .kt-inside-inner-col{border-top-width:0px;border-right-width:0px;border-bottom-width:0px;border-left-width:0px;}.kadence-column_65fb5b-9d > .kt-inside-inner-col,.kadence-column_65fb5b-9d > .kt-inside-inner-col:before{border-top-left-radius:0px;border-top-right-radius:0px;border-bottom-right-radius:0px;border-bottom-left-radius:0px;}.kadence-column_65fb5b-9d > .kt-inside-inner-col{column-gap:var(--global-kb-gap-sm, 1rem);}.kadence-column_65fb5b-9d > .kt-inside-inner-col{flex-direction:column;}.kadence-column_65fb5b-9d > .kt-inside-inner-col > .aligncenter{width:100%;}.kadence-column_65fb5b-9d > .kt-inside-inner-col:before{opacity:0.3;}.kadence-column_65fb5b-9d{position:relative;}@media all and (max-width: 1024px){.kadence-column_65fb5b-9d > .kt-inside-inner-col{flex-direction:column;justify-content:center;}}@media all and (max-width: 767px){.kadence-column_65fb5b-9d > .kt-inside-inner-col{flex-direction:column;justify-content:center;}}<\/style>\n<div class=\"wp-block-kadence-column inner-column-2 kadence-column_65fb5b-9d\"><div class=\"kt-inside-inner-col\">\n<div class=\"wp-block-image\"><figure class=\"aligncenter is-resized\"><img loading=\"lazy\" decoding=\"async\" src=\"https:\/\/www.pfotenraum.de\/wp-content\/uploads\/2019\/09\/matthew-henry-uSdtHAt7E1Q-unsplash-e1568390187155.jpg\" alt=\"\" class=\"wp-image-284\" width=\"330\" height=\"141\" style=\"border-radius: 4px;\"\/><\/figure><\/div>\n<\/div><\/div>\n<\/div><\/div><\/div>\n","protected":false},"excerpt":{"rendered":"<p>Pfoten(T)Raum hat eine mobile Praxis. Damit die Fellnasen keinen zus\u00e4tzlichen Stress durch lange Autofahrten und eine fremde Umgebung bekommen, kommen wir zu Ihnen nach<\/p>\n","protected":false},"author":1,"featured_media":0,"parent":7,"menu_order":1,"comment_status":"closed","ping_status":"closed","template":"","meta":{"footnotes":""},"class_list":["post-38","page","type-page","status-publish","hentry"],"yoast_head":"<!-- This site is optimized with the Yoast SEO plugin v27.4 - https:\/\/yoast.com\/product\/yoast-seo-wordpress\/ -->\n<title>Mobile Praxis - Pfoten(T)Raum - Franca Oehlenberg<\/title>\n<meta name=\"description\" content=\"Pfoten(T)Raum hat eine mobile Praxis. Damit die Fellnasen keinen zus\u00e4tzlichen Stress durch lange Autofahrten und eine fremde Umgebung bekommen, kommen wir zu Ihnen nach Hause.\" \/>\n<meta name=\"robots\" content=\"index, follow, max-snippet:-1, max-image-preview:large, max-video-preview:-1\" \/>\n<link rel=\"canonical\" href=\"https:\/\/www.pfotenraum.de\/?page_id=38\" \/>\n<meta property=\"og:locale\" content=\"de_DE\" \/>\n<meta property=\"og:type\" content=\"article\" \/>\n<meta property=\"og:title\" content=\"Mobile Praxis - Pfoten(T)Raum - Franca Oehlenberg\" \/>\n<meta property=\"og:description\" content=\"Pfoten(T)Raum hat eine mobile Praxis. Damit die Fellnasen keinen zus\u00e4tzlichen Stress durch lange Autofahrten und eine fremde Umgebung bekommen, kommen wir zu Ihnen nach Hause.\" \/>\n<meta property=\"og:url\" content=\"https:\/\/www.pfotenraum.de\/?page_id=38\" \/>\n<meta property=\"og:site_name\" content=\"Pfoten(T)Raum - Franca Oehlenberg\" \/>\n<meta property=\"article:modified_time\" content=\"2019-09-13T15:57:52+00:00\" \/>\n<meta property=\"og:image\" content=\"https:\/\/www.pfotenraum.de\/wp-content\/uploads\/2019\/09\/matthew-henry-uSdtHAt7E1Q-unsplash-e1568390187155.jpg\" \/>\n<meta name=\"twitter:card\" content=\"summary_large_image\" \/>\n<script type=\"application\/ld+json\" class=\"yoast-schema-graph\">{\"@context\":\"https:\\\/\\\/schema.org\",\"@graph\":[{\"@type\":\"WebPage\",\"@id\":\"https:\\\/\\\/www.pfotenraum.de\\\/?page_id=38\",\"url\":\"https:\\\/\\\/www.pfotenraum.de\\\/?page_id=38\",\"name\":\"Mobile Praxis - Pfoten(T)Raum - Franca Oehlenberg\",\"isPartOf\":{\"@id\":\"https:\\\/\\\/www.pfotenraum.de\\\/#website\"},\"primaryImageOfPage\":{\"@id\":\"https:\\\/\\\/www.pfotenraum.de\\\/?page_id=38#primaryimage\"},\"image\":{\"@id\":\"https:\\\/\\\/www.pfotenraum.de\\\/?page_id=38#primaryimage\"},\"thumbnailUrl\":\"https:\\\/\\\/www.pfotenraum.de\\\/wp-content\\\/uploads\\\/2019\\\/09\\\/matthew-henry-uSdtHAt7E1Q-unsplash-e1568390187155.jpg\",\"datePublished\":\"2018-12-15T20:31:09+00:00\",\"dateModified\":\"2019-09-13T15:57:52+00:00\",\"description\":\"Pfoten(T)Raum hat eine mobile Praxis. Damit die Fellnasen keinen zus\u00e4tzlichen Stress durch lange Autofahrten und eine fremde Umgebung bekommen, kommen wir zu Ihnen nach Hause.\",\"breadcrumb\":{\"@id\":\"https:\\\/\\\/www.pfotenraum.de\\\/?page_id=38#breadcrumb\"},\"inLanguage\":\"de\",\"potentialAction\":[{\"@type\":\"ReadAction\",\"target\":[\"https:\\\/\\\/www.pfotenraum.de\\\/?page_id=38\"]}]},{\"@type\":\"ImageObject\",\"inLanguage\":\"de\",\"@id\":\"https:\\\/\\\/www.pfotenraum.de\\\/?page_id=38#primaryimage\",\"url\":\"https:\\\/\\\/www.pfotenraum.de\\\/wp-content\\\/uploads\\\/2019\\\/09\\\/matthew-henry-uSdtHAt7E1Q-unsplash-e1568390187155.jpg\",\"contentUrl\":\"https:\\\/\\\/www.pfotenraum.de\\\/wp-content\\\/uploads\\\/2019\\\/09\\\/matthew-henry-uSdtHAt7E1Q-unsplash-e1568390187155.jpg\",\"width\":300,\"height\":200},{\"@type\":\"BreadcrumbList\",\"@id\":\"https:\\\/\\\/www.pfotenraum.de\\\/?page_id=38#breadcrumb\",\"itemListElement\":[{\"@type\":\"ListItem\",\"position\":1,\"name\":\"Startseite\",\"item\":\"https:\\\/\\\/www.pfotenraum.de\\\/\"},{\"@type\":\"ListItem\",\"position\":2,\"name\":\"Startseite\",\"item\":\"https:\\\/\\\/www.pfotenraum.de\\\/\"},{\"@type\":\"ListItem\",\"position\":3,\"name\":\"Mobile Praxis\"}]},{\"@type\":\"WebSite\",\"@id\":\"https:\\\/\\\/www.pfotenraum.de\\\/#website\",\"url\":\"https:\\\/\\\/www.pfotenraum.de\\\/\",\"name\":\"Pfoten(T)Raum - Franca Oehlenberg\",\"description\":\"Die Therapie f\u00fcr Deinen Hund\",\"publisher\":{\"@id\":\"https:\\\/\\\/www.pfotenraum.de\\\/#organization\"},\"potentialAction\":[{\"@type\":\"SearchAction\",\"target\":{\"@type\":\"EntryPoint\",\"urlTemplate\":\"https:\\\/\\\/www.pfotenraum.de\\\/?s={search_term_string}\"},\"query-input\":{\"@type\":\"PropertyValueSpecification\",\"valueRequired\":true,\"valueName\":\"search_term_string\"}}],\"inLanguage\":\"de\"},{\"@type\":\"Organization\",\"@id\":\"https:\\\/\\\/www.pfotenraum.de\\\/#organization\",\"name\":\"Pfoten(T)Raum - Franca Oehlenberg - Die Therapie f\u00fcr Ihren Hund\",\"url\":\"https:\\\/\\\/www.pfotenraum.de\\\/\",\"logo\":{\"@type\":\"ImageObject\",\"inLanguage\":\"de\",\"@id\":\"https:\\\/\\\/www.pfotenraum.de\\\/#\\\/schema\\\/logo\\\/image\\\/\",\"url\":\"https:\\\/\\\/www.pfotenraum.de\\\/wp-content\\\/uploads\\\/2018\\\/12\\\/Logo_nur_Hund.png\",\"contentUrl\":\"https:\\\/\\\/www.pfotenraum.de\\\/wp-content\\\/uploads\\\/2018\\\/12\\\/Logo_nur_Hund.png\",\"width\":256,\"height\":256,\"caption\":\"Pfoten(T)Raum - Franca Oehlenberg - Die Therapie f\u00fcr Ihren Hund\"},\"image\":{\"@id\":\"https:\\\/\\\/www.pfotenraum.de\\\/#\\\/schema\\\/logo\\\/image\\\/\"}}]}<\/script>\n<!-- \/ Yoast SEO plugin. -->","yoast_head_json":{"title":"Mobile Praxis - Pfoten(T)Raum - Franca Oehlenberg","description":"Pfoten(T)Raum hat eine mobile Praxis. Damit die Fellnasen keinen zus\u00e4tzlichen Stress durch lange Autofahrten und eine fremde Umgebung bekommen, kommen wir zu Ihnen nach Hause.","robots":{"index":"index","follow":"follow","max-snippet":"max-snippet:-1","max-image-preview":"max-image-preview:large","max-video-preview":"max-video-preview:-1"},"canonical":"https:\/\/www.pfotenraum.de\/?page_id=38","og_locale":"de_DE","og_type":"article","og_title":"Mobile Praxis - Pfoten(T)Raum - Franca Oehlenberg","og_description":"Pfoten(T)Raum hat eine mobile Praxis. Damit die Fellnasen keinen zus\u00e4tzlichen Stress durch lange Autofahrten und eine fremde Umgebung bekommen, kommen wir zu Ihnen nach Hause.","og_url":"https:\/\/www.pfotenraum.de\/?page_id=38","og_site_name":"Pfoten(T)Raum - Franca Oehlenberg","article_modified_time":"2019-09-13T15:57:52+00:00","og_image":[{"url":"https:\/\/www.pfotenraum.de\/wp-content\/uploads\/2019\/09\/matthew-henry-uSdtHAt7E1Q-unsplash-e1568390187155.jpg","type":"","width":"","height":""}],"twitter_card":"summary_large_image","schema":{"@context":"https:\/\/schema.org","@graph":[{"@type":"WebPage","@id":"https:\/\/www.pfotenraum.de\/?page_id=38","url":"https:\/\/www.pfotenraum.de\/?page_id=38","name":"Mobile Praxis - Pfoten(T)Raum - Franca Oehlenberg","isPartOf":{"@id":"https:\/\/www.pfotenraum.de\/#website"},"primaryImageOfPage":{"@id":"https:\/\/www.pfotenraum.de\/?page_id=38#primaryimage"},"image":{"@id":"https:\/\/www.pfotenraum.de\/?page_id=38#primaryimage"},"thumbnailUrl":"https:\/\/www.pfotenraum.de\/wp-content\/uploads\/2019\/09\/matthew-henry-uSdtHAt7E1Q-unsplash-e1568390187155.jpg","datePublished":"2018-12-15T20:31:09+00:00","dateModified":"2019-09-13T15:57:52+00:00","description":"Pfoten(T)Raum hat eine mobile Praxis. Damit die Fellnasen keinen zus\u00e4tzlichen Stress durch lange Autofahrten und eine fremde Umgebung bekommen, kommen wir zu Ihnen nach Hause.","breadcrumb":{"@id":"https:\/\/www.pfotenraum.de\/?page_id=38#breadcrumb"},"inLanguage":"de","potentialAction":[{"@type":"ReadAction","target":["https:\/\/www.pfotenraum.de\/?page_id=38"]}]},{"@type":"ImageObject","inLanguage":"de","@id":"https:\/\/www.pfotenraum.de\/?page_id=38#primaryimage","url":"https:\/\/www.pfotenraum.de\/wp-content\/uploads\/2019\/09\/matthew-henry-uSdtHAt7E1Q-unsplash-e1568390187155.jpg","contentUrl":"https:\/\/www.pfotenraum.de\/wp-content\/uploads\/2019\/09\/matthew-henry-uSdtHAt7E1Q-unsplash-e1568390187155.jpg","width":300,"height":200},{"@type":"BreadcrumbList","@id":"https:\/\/www.pfotenraum.de\/?page_id=38#breadcrumb","itemListElement":[{"@type":"ListItem","position":1,"name":"Startseite","item":"https:\/\/www.pfotenraum.de\/"},{"@type":"ListItem","position":2,"name":"Startseite","item":"https:\/\/www.pfotenraum.de\/"},{"@type":"ListItem","position":3,"name":"Mobile Praxis"}]},{"@type":"WebSite","@id":"https:\/\/www.pfotenraum.de\/#website","url":"https:\/\/www.pfotenraum.de\/","name":"Pfoten(T)Raum - Franca Oehlenberg","description":"Die Therapie f\u00fcr Deinen Hund","publisher":{"@id":"https:\/\/www.pfotenraum.de\/#organization"},"potentialAction":[{"@type":"SearchAction","target":{"@type":"EntryPoint","urlTemplate":"https:\/\/www.pfotenraum.de\/?s={search_term_string}"},"query-input":{"@type":"PropertyValueSpecification","valueRequired":true,"valueName":"search_term_string"}}],"inLanguage":"de"},{"@type":"Organization","@id":"https:\/\/www.pfotenraum.de\/#organization","name":"Pfoten(T)Raum - Franca Oehlenberg - Die Therapie f\u00fcr Ihren Hund","url":"https:\/\/www.pfotenraum.de\/","logo":{"@type":"ImageObject","inLanguage":"de","@id":"https:\/\/www.pfotenraum.de\/#\/schema\/logo\/image\/","url":"https:\/\/www.pfotenraum.de\/wp-content\/uploads\/2018\/12\/Logo_nur_Hund.png","contentUrl":"https:\/\/www.pfotenraum.de\/wp-content\/uploads\/2018\/12\/Logo_nur_Hund.png","width":256,"height":256,"caption":"Pfoten(T)Raum - Franca Oehlenberg - Die Therapie f\u00fcr Ihren Hund"},"image":{"@id":"https:\/\/www.pfotenraum.de\/#\/schema\/logo\/image\/"}}]}},"_links":{"self":[{"href":"https:\/\/www.pfotenraum.de\/index.php?rest_route=\/wp\/v2\/pages\/38","targetHints":{"allow":["GET"]}}],"collection":[{"href":"https:\/\/www.pfotenraum.de\/index.php?rest_route=\/wp\/v2\/pages"}],"about":[{"href":"https:\/\/www.pfotenraum.de\/index.php?rest_route=\/wp\/v2\/types\/page"}],"author":[{"embeddable":true,"href":"https:\/\/www.pfotenraum.de\/index.php?rest_route=\/wp\/v2\/users\/1"}],"replies":[{"embeddable":true,"href":"https:\/\/www.pfotenraum.de\/index.php?rest_route=%2Fwp%2Fv2%2Fcomments&post=38"}],"version-history":[{"count":23,"href":"https:\/\/www.pfotenraum.de\/index.php?rest_route=\/wp\/v2\/pages\/38\/revisions"}],"predecessor-version":[{"id":539,"href":"https:\/\/www.pfotenraum.de\/index.php?rest_route=\/wp\/v2\/pages\/38\/revisions\/539"}],"up":[{"embeddable":true,"href":"https:\/\/www.pfotenraum.de\/index.php?rest_route=\/wp\/v2\/pages\/7"}],"wp:attachment":[{"href":"https:\/\/www.pfotenraum.de\/index.php?rest_route=%2Fwp%2Fv2%2Fmedia&parent=38"}],"curies":[{"name":"wp","href":"https:\/\/api.w.org\/{rel}","templated":true}]}}