{"id":36,"date":"2018-12-15T21:30:51","date_gmt":"2018-12-15T20:30:51","guid":{"rendered":"https:\/\/www.pfotenraum.de\/?page_id=36"},"modified":"2020-07-14T22:15:03","modified_gmt":"2020-07-14T20:15:03","slug":"physiotherapie","status":"publish","type":"page","link":"https:\/\/www.pfotenraum.de\/?page_id=36","title":{"rendered":"<i class=\"fa fa-paw\"><\/i> Hunde-Physiotherapie"},"content":{"rendered":"\n<p><\/p>\n\n\n\n<p>Beim Menschen ist die Physiotherapie schon seit Jahrzehnten ein fester Bestandteil in der Behandlung von  Krankheiten am <!--more-->Bewegungsapparat. Durch gezielte Behandlungsmethoden werden krankhafte Zust\u00e4nde an Knochen und Muskeln behoben und Schmerzen gelindert. Genau dies w\u00fcnschen sich immer mehr Hundebesitzer auch f\u00fcr ihren Vierbeiner.<\/p>\n\n\n<style>#kt-layout-id_b3618d-12 > .kt-row-column-wrap{align-content:start;}:where(#kt-layout-id_b3618d-12 > .kt-row-column-wrap) > .wp-block-kadence-column{justify-content:start;}#kt-layout-id_b3618d-12 > .kt-row-column-wrap{column-gap:var(--global-kb-gap-md, 2rem);row-gap:var(--global-kb-gap-md, 2rem);padding-top:var( --global-kb-row-default-top, 25px );padding-bottom:var( --global-kb-row-default-bottom, 25px );padding-bottom:0px;grid-template-columns:minmax(0, calc(40% - ((var(--global-kb-gap-md, 2rem) * 1 )\/2)))minmax(0, calc(60% - ((var(--global-kb-gap-md, 2rem) * 1 )\/2)));}#kt-layout-id_b3618d-12 > .kt-row-layout-overlay{opacity:0.30;}@media all and (max-width: 1024px){#kt-layout-id_b3618d-12 > .kt-row-column-wrap{grid-template-columns:minmax(0, 1fr) minmax(0, 2fr);}}@media all and (max-width: 767px){#kt-layout-id_b3618d-12 > .kt-row-column-wrap{grid-template-columns:minmax(0, 1fr);}}<\/style>\n<div class=\"wp-block-kadence-rowlayout alignnone\"><div id=\"kt-layout-id_b3618d-12\" class=\"kt-row-layout-inner kt-layout-id_b3618d-12\"><div class=\"kt-row-column-wrap kt-has-2-columns kt-gutter-default kt-v-gutter-default kt-row-valign-top kt-row-layout-right-golden kt-tab-layout-inherit kt-m-colapse-left-to-right kt-mobile-layout-row  kt-custom-first-width-40  kt-custom-second-width-60\"><style>.kadence-column_4bd010-c4 > .kt-inside-inner-col{border-top-width:0px;border-right-width:0px;border-bottom-width:0px;border-left-width:0px;}.kadence-column_4bd010-c4 > .kt-inside-inner-col,.kadence-column_4bd010-c4 > .kt-inside-inner-col:before{border-top-left-radius:0px;border-top-right-radius:0px;border-bottom-right-radius:0px;border-bottom-left-radius:0px;}.kadence-column_4bd010-c4 > .kt-inside-inner-col{column-gap:var(--global-kb-gap-sm, 1rem);}.kadence-column_4bd010-c4 > .kt-inside-inner-col{flex-direction:column;}.kadence-column_4bd010-c4 > .kt-inside-inner-col > .aligncenter{width:100%;}.kadence-column_4bd010-c4 > .kt-inside-inner-col:before{opacity:0.3;}.kadence-column_4bd010-c4{position:relative;}.wp-block-kadence-column.kadence-column_4bd010-c4 > .kt-inside-inner-col{margin-bottom:0px;}@media all and (max-width: 1024px){.kadence-column_4bd010-c4 > .kt-inside-inner-col{flex-direction:column;justify-content:center;}}@media all and (max-width: 767px){.kadence-column_4bd010-c4 > .kt-inside-inner-col{flex-direction:column;justify-content:center;}}<\/style>\n<div class=\"wp-block-kadence-column inner-column-1 kadence-column_4bd010-c4\"><div class=\"kt-inside-inner-col\">\n<div class=\"wp-block-image\"><figure class=\"aligncenter is-resized\"><img loading=\"lazy\" decoding=\"async\" src=\"https:\/\/www.pfotenraum.de\/wp-content\/uploads\/2019\/09\/20190911_213743-1024x768.jpg\" alt=\"\" class=\"wp-image-440\" width=\"260\" height=\"195\" style=\"border-radius: 4px;\"><\/figure><\/div>\n\n\n\n<p><\/p>\n<\/div><\/div>\n\n\n<style>.kadence-column_75733b-a0 > .kt-inside-inner-col{border-top-width:0px;border-right-width:0px;border-bottom-width:0px;border-left-width:0px;}.kadence-column_75733b-a0 > .kt-inside-inner-col,.kadence-column_75733b-a0 > .kt-inside-inner-col:before{border-top-left-radius:0px;border-top-right-radius:0px;border-bottom-right-radius:0px;border-bottom-left-radius:0px;}.kadence-column_75733b-a0 > .kt-inside-inner-col{column-gap:var(--global-kb-gap-sm, 1rem);}.kadence-column_75733b-a0 > .kt-inside-inner-col{flex-direction:column;}.kadence-column_75733b-a0 > .kt-inside-inner-col > .aligncenter{width:100%;}.kadence-column_75733b-a0 > .kt-inside-inner-col:before{opacity:0.3;}.kadence-column_75733b-a0{position:relative;}@media all and (max-width: 1024px){.kadence-column_75733b-a0 > .kt-inside-inner-col{flex-direction:column;justify-content:center;}}@media all and (max-width: 767px){.kadence-column_75733b-a0 > .kt-inside-inner-col{flex-direction:column;justify-content:center;}}<\/style>\n<div class=\"wp-block-kadence-column inner-column-2 kadence-column_75733b-a0\"><div class=\"kt-inside-inner-col\">\n<p><\/p>\n\n\n\n<p>Die Hundephysiotherapie\nverfolgt dabei die gleichen Ziele wie beim Menschen:<\/p>\n\n\n\n<p><p style=\"padding-left:25px\"><i class=\"fa fa-paw\" style=\"color: #5aaa31\"><\/i> Linderung von Schmerzen <br><i class=\"fa fa-paw\" style=\"color: #5aaa31\"><\/i>  Erhaltung und Verbesserung der Beweglichkeit <br>\n<i class=\"fa fa-paw\" style=\"color: #5aaa31\"><\/i>  Aufbau und Erhaltung der Muskulatur <br>\n<i class=\"fa fa-paw\" style=\"color: #5aaa31\"><\/i> Pr\u00e4vention von Verletzungen<\/p><\/p>\n<\/div><\/div>\n<\/div><\/div><\/div>\n\n\n\n<p><br>Auf unserer Homepage haben wir Ihnen einen \u00dcberblick \u00fcber die <a href=\"https:\/\/www.pfotenraum.de\/?p=22\">Anwendungsgebiete<\/a>, <a href=\"https:\/\/www.pfotenraum.de\/?p=32\">Behandlungsm\u00f6glichkeiten<\/a> und den <a href=\"https:\/\/www.pfotenraum.de\/?page_id=40\">Therapieablauf <\/a>zusammengestellt.<br>Falls Sie sich unsicher sind, ob die Hundephysiotherapie das Richtige f\u00fcr Ihren Hund ist oder Sie einfach einen Termin vereinbaren m\u00f6chten, <a href=\"https:\/\/www.pfotenraum.de\/termine\/\">rufen Sie uns einfach an<\/a>.<\/p>\n\n\n\n<p><br><br><\/p>\n","protected":false},"excerpt":{"rendered":"<p>Beim Menschen ist die Physiotherapie schon seit Jahrzehnten ein fester Bestandteil in der Behandlung von Krankheiten am<\/p>\n","protected":false},"author":1,"featured_media":0,"parent":7,"menu_order":0,"comment_status":"closed","ping_status":"closed","template":"","meta":{"footnotes":""},"class_list":["post-36","page","type-page","status-publish","hentry"],"yoast_head":"<!-- This site is optimized with the Yoast SEO plugin v27.4 - https:\/\/yoast.com\/product\/yoast-seo-wordpress\/ -->\n<title>Hundephysiotherapie - Pfoten(T)Raum - Franca Oehlenberg<\/title>\n<meta name=\"description\" content=\"Beim Menschen ist die Physiotherapie schon seit Jahrzehnten ein fester Bestandteil in der Behandlung von Krankheiten am Bewegungsapparat.\" \/>\n<meta name=\"robots\" content=\"index, follow, max-snippet:-1, max-image-preview:large, max-video-preview:-1\" \/>\n<link rel=\"canonical\" href=\"https:\/\/www.pfotenraum.de\/?page_id=36\" \/>\n<meta property=\"og:locale\" content=\"de_DE\" \/>\n<meta property=\"og:type\" content=\"article\" \/>\n<meta property=\"og:title\" content=\"Hundephysiotherapie - Pfoten(T)Raum - Franca Oehlenberg\" \/>\n<meta property=\"og:description\" content=\"Beim Menschen ist die Physiotherapie schon seit Jahrzehnten ein fester Bestandteil in der Behandlung von Krankheiten am Bewegungsapparat.\" \/>\n<meta property=\"og:url\" content=\"https:\/\/www.pfotenraum.de\/?page_id=36\" \/>\n<meta property=\"og:site_name\" content=\"Pfoten(T)Raum - Franca Oehlenberg\" \/>\n<meta property=\"article:modified_time\" content=\"2020-07-14T20:15:03+00:00\" \/>\n<meta property=\"og:image\" content=\"https:\/\/www.pfotenraum.de\/wp-content\/uploads\/2019\/09\/20190911_213743-1024x768.jpg\" \/>\n<meta name=\"twitter:card\" content=\"summary_large_image\" \/>\n<meta name=\"twitter:label1\" content=\"Gesch\u00e4tzte Lesezeit\" \/>\n\t<meta name=\"twitter:data1\" content=\"1\u00a0Minute\" \/>\n<script type=\"application\/ld+json\" class=\"yoast-schema-graph\">{\"@context\":\"https:\\\/\\\/schema.org\",\"@graph\":[{\"@type\":\"WebPage\",\"@id\":\"https:\\\/\\\/www.pfotenraum.de\\\/?page_id=36\",\"url\":\"https:\\\/\\\/www.pfotenraum.de\\\/?page_id=36\",\"name\":\"Hundephysiotherapie - Pfoten(T)Raum - Franca Oehlenberg\",\"isPartOf\":{\"@id\":\"https:\\\/\\\/www.pfotenraum.de\\\/#website\"},\"primaryImageOfPage\":{\"@id\":\"https:\\\/\\\/www.pfotenraum.de\\\/?page_id=36#primaryimage\"},\"image\":{\"@id\":\"https:\\\/\\\/www.pfotenraum.de\\\/?page_id=36#primaryimage\"},\"thumbnailUrl\":\"https:\\\/\\\/www.pfotenraum.de\\\/wp-content\\\/uploads\\\/2019\\\/09\\\/20190911_213743-1024x768.jpg\",\"datePublished\":\"2018-12-15T20:30:51+00:00\",\"dateModified\":\"2020-07-14T20:15:03+00:00\",\"description\":\"Beim Menschen ist die Physiotherapie schon seit Jahrzehnten ein fester Bestandteil in der Behandlung von Krankheiten am Bewegungsapparat.\",\"breadcrumb\":{\"@id\":\"https:\\\/\\\/www.pfotenraum.de\\\/?page_id=36#breadcrumb\"},\"inLanguage\":\"de\",\"potentialAction\":[{\"@type\":\"ReadAction\",\"target\":[\"https:\\\/\\\/www.pfotenraum.de\\\/?page_id=36\"]}]},{\"@type\":\"ImageObject\",\"inLanguage\":\"de\",\"@id\":\"https:\\\/\\\/www.pfotenraum.de\\\/?page_id=36#primaryimage\",\"url\":\"https:\\\/\\\/www.pfotenraum.de\\\/wp-content\\\/uploads\\\/2019\\\/09\\\/20190911_213743-1024x768.jpg\",\"contentUrl\":\"https:\\\/\\\/www.pfotenraum.de\\\/wp-content\\\/uploads\\\/2019\\\/09\\\/20190911_213743-1024x768.jpg\"},{\"@type\":\"BreadcrumbList\",\"@id\":\"https:\\\/\\\/www.pfotenraum.de\\\/?page_id=36#breadcrumb\",\"itemListElement\":[{\"@type\":\"ListItem\",\"position\":1,\"name\":\"Startseite\",\"item\":\"https:\\\/\\\/www.pfotenraum.de\\\/\"},{\"@type\":\"ListItem\",\"position\":2,\"name\":\"Startseite\",\"item\":\"https:\\\/\\\/www.pfotenraum.de\\\/\"},{\"@type\":\"ListItem\",\"position\":3,\"name\":\"Hunde-Physiotherapie\"}]},{\"@type\":\"WebSite\",\"@id\":\"https:\\\/\\\/www.pfotenraum.de\\\/#website\",\"url\":\"https:\\\/\\\/www.pfotenraum.de\\\/\",\"name\":\"Pfoten(T)Raum - Franca Oehlenberg\",\"description\":\"Die Therapie f\u00fcr Deinen Hund\",\"publisher\":{\"@id\":\"https:\\\/\\\/www.pfotenraum.de\\\/#organization\"},\"potentialAction\":[{\"@type\":\"SearchAction\",\"target\":{\"@type\":\"EntryPoint\",\"urlTemplate\":\"https:\\\/\\\/www.pfotenraum.de\\\/?s={search_term_string}\"},\"query-input\":{\"@type\":\"PropertyValueSpecification\",\"valueRequired\":true,\"valueName\":\"search_term_string\"}}],\"inLanguage\":\"de\"},{\"@type\":\"Organization\",\"@id\":\"https:\\\/\\\/www.pfotenraum.de\\\/#organization\",\"name\":\"Pfoten(T)Raum - Franca Oehlenberg - Die Therapie f\u00fcr Ihren Hund\",\"url\":\"https:\\\/\\\/www.pfotenraum.de\\\/\",\"logo\":{\"@type\":\"ImageObject\",\"inLanguage\":\"de\",\"@id\":\"https:\\\/\\\/www.pfotenraum.de\\\/#\\\/schema\\\/logo\\\/image\\\/\",\"url\":\"https:\\\/\\\/www.pfotenraum.de\\\/wp-content\\\/uploads\\\/2018\\\/12\\\/Logo_nur_Hund.png\",\"contentUrl\":\"https:\\\/\\\/www.pfotenraum.de\\\/wp-content\\\/uploads\\\/2018\\\/12\\\/Logo_nur_Hund.png\",\"width\":256,\"height\":256,\"caption\":\"Pfoten(T)Raum - Franca Oehlenberg - Die Therapie f\u00fcr Ihren Hund\"},\"image\":{\"@id\":\"https:\\\/\\\/www.pfotenraum.de\\\/#\\\/schema\\\/logo\\\/image\\\/\"}}]}<\/script>\n<!-- \/ Yoast SEO plugin. -->","yoast_head_json":{"title":"Hundephysiotherapie - Pfoten(T)Raum - Franca Oehlenberg","description":"Beim Menschen ist die Physiotherapie schon seit Jahrzehnten ein fester Bestandteil in der Behandlung von Krankheiten am Bewegungsapparat.","robots":{"index":"index","follow":"follow","max-snippet":"max-snippet:-1","max-image-preview":"max-image-preview:large","max-video-preview":"max-video-preview:-1"},"canonical":"https:\/\/www.pfotenraum.de\/?page_id=36","og_locale":"de_DE","og_type":"article","og_title":"Hundephysiotherapie - Pfoten(T)Raum - Franca Oehlenberg","og_description":"Beim Menschen ist die Physiotherapie schon seit Jahrzehnten ein fester Bestandteil in der Behandlung von Krankheiten am Bewegungsapparat.","og_url":"https:\/\/www.pfotenraum.de\/?page_id=36","og_site_name":"Pfoten(T)Raum - Franca Oehlenberg","article_modified_time":"2020-07-14T20:15:03+00:00","og_image":[{"url":"https:\/\/www.pfotenraum.de\/wp-content\/uploads\/2019\/09\/20190911_213743-1024x768.jpg","type":"","width":"","height":""}],"twitter_card":"summary_large_image","twitter_misc":{"Gesch\u00e4tzte Lesezeit":"1\u00a0Minute"},"schema":{"@context":"https:\/\/schema.org","@graph":[{"@type":"WebPage","@id":"https:\/\/www.pfotenraum.de\/?page_id=36","url":"https:\/\/www.pfotenraum.de\/?page_id=36","name":"Hundephysiotherapie - Pfoten(T)Raum - Franca Oehlenberg","isPartOf":{"@id":"https:\/\/www.pfotenraum.de\/#website"},"primaryImageOfPage":{"@id":"https:\/\/www.pfotenraum.de\/?page_id=36#primaryimage"},"image":{"@id":"https:\/\/www.pfotenraum.de\/?page_id=36#primaryimage"},"thumbnailUrl":"https:\/\/www.pfotenraum.de\/wp-content\/uploads\/2019\/09\/20190911_213743-1024x768.jpg","datePublished":"2018-12-15T20:30:51+00:00","dateModified":"2020-07-14T20:15:03+00:00","description":"Beim Menschen ist die Physiotherapie schon seit Jahrzehnten ein fester Bestandteil in der Behandlung von Krankheiten am Bewegungsapparat.","breadcrumb":{"@id":"https:\/\/www.pfotenraum.de\/?page_id=36#breadcrumb"},"inLanguage":"de","potentialAction":[{"@type":"ReadAction","target":["https:\/\/www.pfotenraum.de\/?page_id=36"]}]},{"@type":"ImageObject","inLanguage":"de","@id":"https:\/\/www.pfotenraum.de\/?page_id=36#primaryimage","url":"https:\/\/www.pfotenraum.de\/wp-content\/uploads\/2019\/09\/20190911_213743-1024x768.jpg","contentUrl":"https:\/\/www.pfotenraum.de\/wp-content\/uploads\/2019\/09\/20190911_213743-1024x768.jpg"},{"@type":"BreadcrumbList","@id":"https:\/\/www.pfotenraum.de\/?page_id=36#breadcrumb","itemListElement":[{"@type":"ListItem","position":1,"name":"Startseite","item":"https:\/\/www.pfotenraum.de\/"},{"@type":"ListItem","position":2,"name":"Startseite","item":"https:\/\/www.pfotenraum.de\/"},{"@type":"ListItem","position":3,"name":"Hunde-Physiotherapie"}]},{"@type":"WebSite","@id":"https:\/\/www.pfotenraum.de\/#website","url":"https:\/\/www.pfotenraum.de\/","name":"Pfoten(T)Raum - Franca Oehlenberg","description":"Die Therapie f\u00fcr Deinen Hund","publisher":{"@id":"https:\/\/www.pfotenraum.de\/#organization"},"potentialAction":[{"@type":"SearchAction","target":{"@type":"EntryPoint","urlTemplate":"https:\/\/www.pfotenraum.de\/?s={search_term_string}"},"query-input":{"@type":"PropertyValueSpecification","valueRequired":true,"valueName":"search_term_string"}}],"inLanguage":"de"},{"@type":"Organization","@id":"https:\/\/www.pfotenraum.de\/#organization","name":"Pfoten(T)Raum - Franca Oehlenberg - Die Therapie f\u00fcr Ihren Hund","url":"https:\/\/www.pfotenraum.de\/","logo":{"@type":"ImageObject","inLanguage":"de","@id":"https:\/\/www.pfotenraum.de\/#\/schema\/logo\/image\/","url":"https:\/\/www.pfotenraum.de\/wp-content\/uploads\/2018\/12\/Logo_nur_Hund.png","contentUrl":"https:\/\/www.pfotenraum.de\/wp-content\/uploads\/2018\/12\/Logo_nur_Hund.png","width":256,"height":256,"caption":"Pfoten(T)Raum - Franca Oehlenberg - Die Therapie f\u00fcr Ihren Hund"},"image":{"@id":"https:\/\/www.pfotenraum.de\/#\/schema\/logo\/image\/"}}]}},"_links":{"self":[{"href":"https:\/\/www.pfotenraum.de\/index.php?rest_route=\/wp\/v2\/pages\/36","targetHints":{"allow":["GET"]}}],"collection":[{"href":"https:\/\/www.pfotenraum.de\/index.php?rest_route=\/wp\/v2\/pages"}],"about":[{"href":"https:\/\/www.pfotenraum.de\/index.php?rest_route=\/wp\/v2\/types\/page"}],"author":[{"embeddable":true,"href":"https:\/\/www.pfotenraum.de\/index.php?rest_route=\/wp\/v2\/users\/1"}],"replies":[{"embeddable":true,"href":"https:\/\/www.pfotenraum.de\/index.php?rest_route=%2Fwp%2Fv2%2Fcomments&post=36"}],"version-history":[{"count":41,"href":"https:\/\/www.pfotenraum.de\/index.php?rest_route=\/wp\/v2\/pages\/36\/revisions"}],"predecessor-version":[{"id":566,"href":"https:\/\/www.pfotenraum.de\/index.php?rest_route=\/wp\/v2\/pages\/36\/revisions\/566"}],"up":[{"embeddable":true,"href":"https:\/\/www.pfotenraum.de\/index.php?rest_route=\/wp\/v2\/pages\/7"}],"wp:attachment":[{"href":"https:\/\/www.pfotenraum.de\/index.php?rest_route=%2Fwp%2Fv2%2Fmedia&parent=36"}],"curies":[{"name":"wp","href":"https:\/\/api.w.org\/{rel}","templated":true}]}}